{"id":4553,"date":"2015-07-16T18:00:00","date_gmt":"2015-07-16T18:00:00","guid":{"rendered":"https:\/\/altoonanow.org\/recursosahora\/"},"modified":"2026-01-28T20:36:48","modified_gmt":"2026-01-28T20:36:48","slug":"recursosahora","status":"publish","type":"page","link":"https:\/\/altoonanow.org\/es\/recursosahora\/","title":{"rendered":"Recursos<span class=\"yellow\">AHORA<\/span>"},"content":{"rendered":"<p>Con un historial probado de estrecha coordinaci\u00f3n entre empresas y comunidad, Altoona colabora con organizaciones como la Greater Des Moines Partnership y la Autoridad de Desarrollo Econ\u00f3mico de Iowa para impulsar el crecimiento de la regi\u00f3n. A continuaci\u00f3n, algunos de los recursos disponibles para empresas que buscan expandirse o mudarse.  <\/p>\n<hr>\n<figure><img decoding=\"async\" class=\"yellowBullet\" src=\"https:\/\/altoonanow.org\/wp-content\/uploads\/2015\/07\/zeroYellow.png.webp\"><\/figure>\n<p><span class=\"BoldBlue\">Ciudad de Altoona<\/span><br \/>\nEl Departamento de Desarrollo Comunitario de la ciudad de Altoona est\u00e1 trabajando en todos los \u00e1mbitos para coordinar una expansi\u00f3n saludable. Es una colaboraci\u00f3n eficaz entre el Ayuntamiento, la Comisi\u00f3n de Planificaci\u00f3n y Zonificaci\u00f3n, la Junta de Ajuste y el p\u00fablico en general. Gracias a la cooperaci\u00f3n de promotores y residentes, el Departamento est\u00e1 planificando y ejecutando el crecimiento de nuestra ciudad, preservando al mismo tiempo el hermoso entorno en el que vivimos.<br \/>\n<a href=\"http:\/\/www.altoona-iowa.com\" target=\"_blank\" rel=\"noopener\">altoona-iowa.com<\/a><\/p>\n<figure><img decoding=\"async\" class=\"yellowBullet\" src=\"https:\/\/altoonanow.org\/wp-content\/uploads\/2015\/07\/zeroYellow.png.webp\"><\/figure>\n<p>C\u00e1mara de Comercio<br \/>\n <span class=\"BoldBlue\">del \u00c1rea de Altoona<\/span>La C\u00e1mara de Comercio del \u00c1rea de Altoona est\u00e1 desarrollando nuestra comunidad mientras mantiene nuestro pr\u00f3spero entorno empresarial y tur\u00edstico. Como organizaci\u00f3n sin \u00e1nimo de lucro con membres\u00eda, la C\u00e1mara representa a la comunidad profesional del \u00e1rea de Altoona. Se esfuerzan por beneficiar a sus miembros, al pueblo de Altoona y a los visitantes de la zona.<br \/>\n<a href=\"http:\/\/www.altoonachamber.org\" target=\"_blank\" rel=\"noopener\">altoonachamber.org<\/a><\/p>\n<figure><img decoding=\"async\" class=\"yellowBullet\" src=\"https:\/\/altoonanow.org\/wp-content\/uploads\/2015\/07\/zeroYellow.png.webp\"><\/figure>\n<p>Asociaci\u00f3n<br \/>\n <span class=\"BoldBlue\">del Gran Des Moines<\/span>La Greater Des Moines Partnership est\u00e1 colaborando con empresas para reubicar o expandir sus operaciones. Junto con la ciudad de Altoona, la Asociaci\u00f3n utiliza investigaciones industriales especializadas y colaboraciones\u2014coordin\u00e1ndose con entidades locales, estatales y nacionales\u2014para proporcionar asistencia integral en la selecci\u00f3n de los emplazamientos.<br \/>\n<a href=\"https:\/\/www.desmoinesmetro.com\" target=\"_blank\" rel=\"noopener\">desmoinesmetro.com<\/a><\/p>\n<figure><img decoding=\"async\" class=\"yellowBullet\" src=\"https:\/\/altoonanow.org\/wp-content\/uploads\/2015\/07\/zeroYellow.png.webp\"><\/figure>\n<p><span class=\"BoldBlue\">Autoridad de Desarrollo Econ\u00f3mico de Iowa (IEDA)<\/span><br \/>\nEl objetivo de la IEDA es apoyar el desarrollo en Iowa y, al hacerlo, fortalecer la vitalidad econ\u00f3mica y comunitaria. Al administrar programas estatales y federales, est\u00e1n construyendo alianzas y aprovechando recursos. IEDA est\u00e1 estableciendo Iowa y Altoona como la opci\u00f3n adecuada para personas y empresas.<br \/>\n <a href=\"http:\/\/www.iowaeconomicdevelopment.com\" target=\"_blank\" rel=\"noopener\">iowaeconomicdevelopment.com<\/a><\/p>\n<figure><img decoding=\"async\" class=\"yellowBullet\" src=\"https:\/\/altoonanow.org\/wp-content\/uploads\/2015\/07\/zeroYellow.png.webp\"><\/figure>\n<p>Corporaci\u00f3n<br \/>\n <span class=\"BoldBlue\">de Innovaci\u00f3n de Iowa<\/span>La Iowa Innovation Corporation est\u00e1 atrayendo a empresas con grandes ideas. Como intermediario designado de innovaci\u00f3n de Iowa, la Corporaci\u00f3n se ha comprometido a colaborar con el Consejo de Innovaci\u00f3n de Iowa, liderado por la empresa. Juntos, est\u00e1n fomentando la econom\u00eda basada en la innovaci\u00f3n del estado.<br \/>\n<a href=\"http:\/\/www.iowainnovationcorporation.com\" target=\"_blank\" rel=\"noopener\">iowainnovationcorporation.com<\/a><\/p>\n","protected":false},"excerpt":{"rendered":"<p>Con un historial probado de estrecha coordinaci\u00f3n entre empresas y comunidad, Altoona colabora con organizaciones como la Greater Des Moines Partnership y la Autoridad de Desarrollo Econ\u00f3mico de Iowa para impulsar el crecimiento de la regi\u00f3n. A continuaci\u00f3n, algunos de los recursos disponibles para empresas que buscan expandirse o mudarse. Ciudad de Altoona El Departamento [&hellip;]<\/p>\n","protected":false},"author":2,"featured_media":0,"parent":0,"menu_order":0,"comment_status":"closed","ping_status":"closed","template":"templates\/page-sidebar-right.php","meta":{"footnotes":""},"class_list":["post-4553","page","type-page","status-publish","hentry"],"yoast_head":"<!-- This site is optimized with the Yoast SEO plugin v26.9 - https:\/\/yoast.com\/product\/yoast-seo-wordpress\/ -->\n<title>RecursosAHORA - Altoona Now!<\/title>\n<meta name=\"robots\" content=\"index, follow, max-snippet:-1, max-image-preview:large, max-video-preview:-1\" \/>\n<link rel=\"canonical\" href=\"https:\/\/altoonanow.org\/es\/recursosahora\/\" \/>\n<meta property=\"og:locale\" content=\"es_ES\" \/>\n<meta property=\"og:type\" content=\"article\" \/>\n<meta property=\"og:title\" content=\"RecursosAHORA - Altoona Now!\" \/>\n<meta property=\"og:description\" content=\"Con un historial probado de estrecha coordinaci\u00f3n entre empresas y comunidad, Altoona colabora con organizaciones como la Greater Des Moines Partnership y la Autoridad de Desarrollo Econ\u00f3mico de Iowa para impulsar el crecimiento de la regi\u00f3n. A continuaci\u00f3n, algunos de los recursos disponibles para empresas que buscan expandirse o mudarse. Ciudad de Altoona El Departamento [&hellip;]\" \/>\n<meta property=\"og:url\" content=\"https:\/\/altoonanow.org\/es\/recursosahora\/\" \/>\n<meta property=\"og:site_name\" content=\"Altoona Now!\" \/>\n<meta property=\"article:publisher\" content=\"https:\/\/www.facebook.com\/altoonanow\/\" \/>\n<meta property=\"article:modified_time\" content=\"2026-01-28T20:36:48+00:00\" \/>\n<meta property=\"og:image\" content=\"https:\/\/altoonanow.org\/wp-content\/uploads\/2015\/07\/zeroYellow.png.webp\" \/>\n<meta name=\"twitter:card\" content=\"summary_large_image\" \/>\n<meta name=\"twitter:site\" content=\"@altoonanow\" \/>\n<meta name=\"twitter:label1\" content=\"Tiempo de lectura\" \/>\n\t<meta name=\"twitter:data1\" content=\"2 minutos\" \/>\n<!-- \/ Yoast SEO plugin. -->","yoast_head_json":{"title":"RecursosAHORA - Altoona Now!","robots":{"index":"index","follow":"follow","max-snippet":"max-snippet:-1","max-image-preview":"max-image-preview:large","max-video-preview":"max-video-preview:-1"},"canonical":"https:\/\/altoonanow.org\/es\/recursosahora\/","og_locale":"es_ES","og_type":"article","og_title":"RecursosAHORA - Altoona Now!","og_description":"Con un historial probado de estrecha coordinaci\u00f3n entre empresas y comunidad, Altoona colabora con organizaciones como la Greater Des Moines Partnership y la Autoridad de Desarrollo Econ\u00f3mico de Iowa para impulsar el crecimiento de la regi\u00f3n. A continuaci\u00f3n, algunos de los recursos disponibles para empresas que buscan expandirse o mudarse. Ciudad de Altoona El Departamento [&hellip;]","og_url":"https:\/\/altoonanow.org\/es\/recursosahora\/","og_site_name":"Altoona Now!","article_publisher":"https:\/\/www.facebook.com\/altoonanow\/","article_modified_time":"2026-01-28T20:36:48+00:00","og_image":[{"url":"https:\/\/altoonanow.org\/wp-content\/uploads\/2015\/07\/zeroYellow.png.webp","type":"","width":"","height":""}],"twitter_card":"summary_large_image","twitter_site":"@altoonanow","twitter_misc":{"Tiempo de lectura":"2 minutos"},"schema":{"@context":"https:\/\/schema.org","@graph":[{"@type":"WebPage","@id":"https:\/\/altoonanow.org\/es\/recursosahora\/","url":"https:\/\/altoonanow.org\/es\/recursosahora\/","name":"RecursosAHORA - Altoona Now!","isPartOf":{"@id":"https:\/\/altoonanow.org\/es\/#website"},"primaryImageOfPage":{"@id":"https:\/\/altoonanow.org\/es\/recursosahora\/#primaryimage"},"image":{"@id":"https:\/\/altoonanow.org\/es\/recursosahora\/#primaryimage"},"thumbnailUrl":"https:\/\/altoonanow.org\/wp-content\/uploads\/2015\/07\/zeroYellow.png.webp","datePublished":"2015-07-16T18:00:00+00:00","dateModified":"2026-01-28T20:36:48+00:00","breadcrumb":{"@id":"https:\/\/altoonanow.org\/es\/recursosahora\/#breadcrumb"},"inLanguage":"es","potentialAction":[{"@type":"ReadAction","target":["https:\/\/altoonanow.org\/es\/recursosahora\/"]}]},{"@type":"ImageObject","inLanguage":"es","@id":"https:\/\/altoonanow.org\/es\/recursosahora\/#primaryimage","url":"https:\/\/altoonanow.org\/wp-content\/uploads\/2015\/07\/zeroYellow.png.webp","contentUrl":"https:\/\/altoonanow.org\/wp-content\/uploads\/2015\/07\/zeroYellow.png.webp"},{"@type":"BreadcrumbList","@id":"https:\/\/altoonanow.org\/es\/recursosahora\/#breadcrumb","itemListElement":[{"@type":"ListItem","position":1,"name":"Inicio","item":"https:\/\/altoonanow.org\/es\/casa-2022\/"},{"@type":"ListItem","position":2,"name":"RecursosAHORA"}]},{"@type":"WebSite","@id":"https:\/\/altoonanow.org\/es\/#website","url":"https:\/\/altoonanow.org\/es\/","name":"AltoonaNow","description":"","publisher":{"@id":"https:\/\/altoonanow.org\/es\/#organization"},"potentialAction":[{"@type":"SearchAction","target":{"@type":"EntryPoint","urlTemplate":"https:\/\/altoonanow.org\/es\/?s={search_term_string}"},"query-input":{"@type":"PropertyValueSpecification","valueRequired":true,"valueName":"search_term_string"}}],"inLanguage":"es"},{"@type":"Organization","@id":"https:\/\/altoonanow.org\/es\/#organization","name":"AltoonaNow","url":"https:\/\/altoonanow.org\/es\/","logo":{"@type":"ImageObject","inLanguage":"es","@id":"https:\/\/altoonanow.org\/es\/#\/schema\/logo\/image\/","url":"https:\/\/altoonanow.org\/wp-content\/uploads\/2022\/07\/footer-logo.png.webp","contentUrl":"https:\/\/altoonanow.org\/wp-content\/uploads\/2022\/07\/footer-logo.png.webp","width":754,"height":236,"caption":"AltoonaNow"},"image":{"@id":"https:\/\/altoonanow.org\/es\/#\/schema\/logo\/image\/"},"sameAs":["https:\/\/www.facebook.com\/altoonanow\/","https:\/\/x.com\/altoonanow","https:\/\/www.instagram.com\/altoonanow\/","https:\/\/www.linkedin.com\/company\/10097588\/"]}]}},"_links":{"self":[{"href":"https:\/\/altoonanow.org\/es\/wp-json\/wp\/v2\/pages\/4553","targetHints":{"allow":["GET"]}}],"collection":[{"href":"https:\/\/altoonanow.org\/es\/wp-json\/wp\/v2\/pages"}],"about":[{"href":"https:\/\/altoonanow.org\/es\/wp-json\/wp\/v2\/types\/page"}],"author":[{"embeddable":true,"href":"https:\/\/altoonanow.org\/es\/wp-json\/wp\/v2\/users\/2"}],"replies":[{"embeddable":true,"href":"https:\/\/altoonanow.org\/es\/wp-json\/wp\/v2\/comments?post=4553"}],"version-history":[{"count":1,"href":"https:\/\/altoonanow.org\/es\/wp-json\/wp\/v2\/pages\/4553\/revisions"}],"predecessor-version":[{"id":4558,"href":"https:\/\/altoonanow.org\/es\/wp-json\/wp\/v2\/pages\/4553\/revisions\/4558"}],"wp:attachment":[{"href":"https:\/\/altoonanow.org\/es\/wp-json\/wp\/v2\/media?parent=4553"}],"curies":[{"name":"wp","href":"https:\/\/api.w.org\/{rel}","templated":true}]}}