{"id":4566,"date":"2015-07-16T18:01:02","date_gmt":"2015-07-16T18:01:02","guid":{"rendered":"https:\/\/altoonanow.org\/principalesempleadores-ahora\/"},"modified":"2015-07-16T18:01:02","modified_gmt":"2015-07-16T18:01:02","slug":"principalesempleadores-ahora","status":"publish","type":"page","link":"https:\/\/altoonanow.org\/es\/principalesempleadores-ahora\/","title":{"rendered":"Principales<span class=\"yellow\">empleadores AHORA<\/span>"},"content":{"rendered":"<p>Empresas como Meta y Prairie Meadows utilizan nuestra plantilla cualificada en industrias importantes como el comercio minorista y la manufactura. Tenemos experiencia y estamos en movimiento, y estamos empleando a nuestros talentos en una amplia variedad de trabajos y carreras. <\/p>\n<hr>\n<h3>PRINCIPALES<span class=\"yellow\">EMPLEADORES AHORA<\/span><\/h3>\n<p><strong><span class=\"BoldBlue\">Regi\u00f3n Metropolitana de Des Moines<\/span><\/strong><\/p>\n<table width=\"100%\" cellspacing=\"0\" cellpadding=\"0\">\n<tbody>\n<tr>\n<td class=\"tableColumnHead\" colspan=\"4\"><\/td>\n<\/tr>\n<tr>\n<td><strong><span class=\"BoldBlue\">Compa\u00f1\u00eda<\/span><\/strong><\/td>\n<td style=\"text-align: center;\"><strong><span class=\"BoldBlue\">N\u00famero de empleados<\/span><\/strong><\/td>\n<td style=\"text-align: center;\"><strong><span class=\"BoldBlue\">Ubicaci\u00f3n<\/span><\/strong><\/td>\n<td style=\"text-align: center;\"><strong><span class=\"BoldBlue\">Sede<\/span><\/strong><\/td>\n<\/tr>\n<tr>\n<td>Wells Fargo &amp; Co<\/td>\n<td style=\"text-align: center;\">13.500<\/td>\n<td style=\"text-align: center;\">Des Moines, Oeste de Des Moines<\/td>\n<td style=\"text-align: center;\">S\u00ed<\/td>\n<\/tr>\n<tr>\n<td>UnityPoint Health &#8211; Des Moines<\/td>\n<td style=\"text-align: center;\">8.026<\/td>\n<td style=\"text-align: center;\">Des Moines, Oeste de Des Moines<\/td>\n<td style=\"text-align: center;\">S\u00ed<\/td>\n<\/tr>\n<tr>\nGrupo <\/p>\n<td>Financiero Principal<\/td>\n<td style=\"text-align: center;\">6.600<\/td>\n<td style=\"text-align: center;\">Des Moines<\/td>\n<td style=\"text-align: center;\">S\u00ed<\/td>\n<\/tr>\n<tr>\n<td>Hy-Vee Food Corp.<\/td>\n<td style=\"text-align: center;\">6.400<\/td>\n<td style=\"text-align: center;\">West Des Moines<\/td>\n<td style=\"text-align: center;\">S\u00ed<\/td>\n<\/tr>\n<tr>\n<td>MercyOne<\/td>\n<td style=\"text-align: center;\">4.276<\/td>\n<td style=\"text-align: center;\">Des Moines, Oeste de Des Moines<\/td>\n<td style=\"text-align: center;\">S\u00ed<\/td>\n<\/tr>\n<tr>\n<td>Amazon<\/td>\n<td style=\"text-align: center;\">3.500<\/td>\n<td style=\"text-align: center;\">Bondurant, Grimes<\/td>\n<td style=\"text-align: center;\">No<\/td>\n<\/tr>\n<tr>\n<td>A nivel<\/td>\n<p> nacional<\/p>\n<td style=\"text-align: center;\">3.300<\/td>\n<td style=\"text-align: center;\">Des Moines<\/td>\n<td style=\"text-align: center;\">S\u00ed<\/td>\n<\/tr>\n<tr>\nCorporaci\u00f3n <\/p>\n<td>Vermeer<\/td>\n<td style=\"text-align: center;\">3.200<\/td>\n<td style=\"text-align: center;\">Pella<\/td>\n<td style=\"text-align: center;\">S\u00ed<\/td>\n<\/tr>\n<tr>\nEmpresas <\/p>\n<td>John Deere<\/td>\n<td style=\"text-align: center;\">2.884<\/td>\n<td style=\"text-align: center;\">Ankeny, Johnston, Urbandale<\/td>\n<td style=\"text-align: center;\">S\u00ed<\/td>\n<\/tr>\n<tr>\n<td>Corteva Agriscience<\/td>\n<td style=\"text-align: center;\">2.500<\/td>\n<td style=\"text-align: center;\">Johnston<\/td>\n<td style=\"text-align: center;\">S\u00ed<\/td>\n<\/tr>\n<tr>\n<td>JBS USA<\/td>\n<td style=\"text-align: center;\">2.300<\/td>\n<td style=\"text-align: center;\">Marshalltown<\/td>\n<td style=\"text-align: center;\">No<\/td>\n<\/tr>\n<tr>\n<td>Pella Corp.<\/td>\n<td style=\"text-align: center;\">2.224<\/td>\n<td style=\"text-align: center;\">Pella<\/td>\n<td style=\"text-align: center;\">S\u00ed<\/td>\n<\/tr>\n<tr>\n<td>Kum &amp; Go<\/td>\n<td style=\"text-align: center;\">2.000<\/td>\n<td style=\"text-align: center;\">Des Moines<\/td>\n<td style=\"text-align: center;\">S\u00ed<\/td>\n<\/tr>\n<tr>\n<td>UPS<\/td>\n<td style=\"text-align: center;\">1.721<\/td>\n<td style=\"text-align: center;\">Des Moines<\/td>\n<td style=\"text-align: center;\">No<\/td>\n<\/tr>\n<tr>\n<td>Wellmark, Inc.<\/td>\n<td style=\"text-align: center;\">1.600<\/td>\n<td style=\"text-align: center;\">Des Moines<\/td>\n<td style=\"text-align: center;\">S\u00ed<\/td>\n<\/tr>\n<tr>\nOperaciones <\/p>\n<td>de neum\u00e1ticos de Bridgestone Americas<\/td>\n<td style=\"text-align: center;\">1.600<\/td>\n<td style=\"text-align: center;\">Des Moines<\/td>\n<td style=\"text-align: center;\">No<\/td>\n<\/tr>\n<tr>\n<td>Praderas<\/td>\n<p> de la pradera<\/p>\n<td style=\"text-align: center;\">937<\/td>\n<td style=\"text-align: center;\">Altoona<\/td>\n<td style=\"text-align: center;\">S\u00ed<\/td>\n<\/tr>\n<tr>\n<td>Meta Altoona Data Center<\/td>\n<td style=\"text-align: center;\">300<\/td>\n<td style=\"text-align: center;\">Altoona<\/td>\n<td style=\"text-align: center;\">S\u00ed<\/td>\n<\/tr>\n<\/tbody>\n<\/table>\n","protected":false},"excerpt":{"rendered":"<p>Empresas como Meta y Prairie Meadows utilizan nuestra plantilla cualificada en industrias importantes como el comercio minorista y la manufactura. Tenemos experiencia y estamos en movimiento, y estamos empleando a nuestros talentos en una amplia variedad de trabajos y carreras. PRINCIPALESEMPLEADORES AHORA Regi\u00f3n Metropolitana de Des Moines Compa\u00f1\u00eda N\u00famero de empleados Ubicaci\u00f3n Sede Wells Fargo [&hellip;]<\/p>\n","protected":false},"author":2,"featured_media":0,"parent":0,"menu_order":0,"comment_status":"closed","ping_status":"closed","template":"templates\/page-sidebar-right-data.php","meta":{"footnotes":""},"class_list":["post-4566","page","type-page","status-publish","hentry"],"yoast_head":"<!-- This site is optimized with the Yoast SEO plugin v26.9 - https:\/\/yoast.com\/product\/yoast-seo-wordpress\/ -->\n<title>Principalesempleadores AHORA - Altoona Now!<\/title>\n<meta name=\"description\" content=\"Empresas como Wal-Mart y Artistic Manufacturing Corporation utilizan nuestra plantilla cualificada en industrias importantes como el comercio minorista y la manufactura.\" \/>\n<meta name=\"robots\" content=\"index, follow, max-snippet:-1, max-image-preview:large, max-video-preview:-1\" \/>\n<link rel=\"canonical\" href=\"https:\/\/altoonanow.org\/es\/principalesempleadores-ahora\/\" \/>\n<meta property=\"og:locale\" content=\"es_ES\" \/>\n<meta property=\"og:type\" content=\"article\" \/>\n<meta property=\"og:title\" content=\"Principalesempleadores AHORA - Altoona Now!\" \/>\n<meta property=\"og:description\" content=\"Empresas como Wal-Mart y Artistic Manufacturing Corporation utilizan nuestra plantilla cualificada en industrias importantes como el comercio minorista y la manufactura.\" \/>\n<meta property=\"og:url\" content=\"https:\/\/altoonanow.org\/es\/principalesempleadores-ahora\/\" \/>\n<meta property=\"og:site_name\" content=\"Altoona Now!\" \/>\n<meta property=\"article:publisher\" content=\"https:\/\/www.facebook.com\/altoonanow\/\" \/>\n<meta name=\"twitter:card\" content=\"summary_large_image\" \/>\n<meta name=\"twitter:site\" content=\"@altoonanow\" \/>\n<meta name=\"twitter:label1\" content=\"Tiempo de lectura\" \/>\n\t<meta name=\"twitter:data1\" content=\"1 minuto\" \/>\n<!-- \/ Yoast SEO plugin. -->","yoast_head_json":{"title":"Principalesempleadores AHORA - Altoona Now!","description":"Empresas como Wal-Mart y Artistic Manufacturing Corporation utilizan nuestra plantilla cualificada en industrias importantes como el comercio minorista y la manufactura.","robots":{"index":"index","follow":"follow","max-snippet":"max-snippet:-1","max-image-preview":"max-image-preview:large","max-video-preview":"max-video-preview:-1"},"canonical":"https:\/\/altoonanow.org\/es\/principalesempleadores-ahora\/","og_locale":"es_ES","og_type":"article","og_title":"Principalesempleadores AHORA - Altoona Now!","og_description":"Empresas como Wal-Mart y Artistic Manufacturing Corporation utilizan nuestra plantilla cualificada en industrias importantes como el comercio minorista y la manufactura.","og_url":"https:\/\/altoonanow.org\/es\/principalesempleadores-ahora\/","og_site_name":"Altoona Now!","article_publisher":"https:\/\/www.facebook.com\/altoonanow\/","twitter_card":"summary_large_image","twitter_site":"@altoonanow","twitter_misc":{"Tiempo de lectura":"1 minuto"},"schema":{"@context":"https:\/\/schema.org","@graph":[{"@type":"WebPage","@id":"https:\/\/altoonanow.org\/es\/principalesempleadores-ahora\/","url":"https:\/\/altoonanow.org\/es\/principalesempleadores-ahora\/","name":"Principalesempleadores AHORA - Altoona Now!","isPartOf":{"@id":"https:\/\/altoonanow.org\/es\/#website"},"datePublished":"2015-07-16T18:01:02+00:00","description":"Empresas como Wal-Mart y Artistic Manufacturing Corporation utilizan nuestra plantilla cualificada en industrias importantes como el comercio minorista y la manufactura.","breadcrumb":{"@id":"https:\/\/altoonanow.org\/es\/principalesempleadores-ahora\/#breadcrumb"},"inLanguage":"es","potentialAction":[{"@type":"ReadAction","target":["https:\/\/altoonanow.org\/es\/principalesempleadores-ahora\/"]}]},{"@type":"BreadcrumbList","@id":"https:\/\/altoonanow.org\/es\/principalesempleadores-ahora\/#breadcrumb","itemListElement":[{"@type":"ListItem","position":1,"name":"Inicio","item":"https:\/\/altoonanow.org\/es\/casa-2022\/"},{"@type":"ListItem","position":2,"name":"Principalesempleadores AHORA"}]},{"@type":"WebSite","@id":"https:\/\/altoonanow.org\/es\/#website","url":"https:\/\/altoonanow.org\/es\/","name":"AltoonaNow","description":"","publisher":{"@id":"https:\/\/altoonanow.org\/es\/#organization"},"potentialAction":[{"@type":"SearchAction","target":{"@type":"EntryPoint","urlTemplate":"https:\/\/altoonanow.org\/es\/?s={search_term_string}"},"query-input":{"@type":"PropertyValueSpecification","valueRequired":true,"valueName":"search_term_string"}}],"inLanguage":"es"},{"@type":"Organization","@id":"https:\/\/altoonanow.org\/es\/#organization","name":"AltoonaNow","url":"https:\/\/altoonanow.org\/es\/","logo":{"@type":"ImageObject","inLanguage":"es","@id":"https:\/\/altoonanow.org\/es\/#\/schema\/logo\/image\/","url":"https:\/\/altoonanow.org\/wp-content\/uploads\/2022\/07\/footer-logo.png.webp","contentUrl":"https:\/\/altoonanow.org\/wp-content\/uploads\/2022\/07\/footer-logo.png.webp","width":754,"height":236,"caption":"AltoonaNow"},"image":{"@id":"https:\/\/altoonanow.org\/es\/#\/schema\/logo\/image\/"},"sameAs":["https:\/\/www.facebook.com\/altoonanow\/","https:\/\/x.com\/altoonanow","https:\/\/www.instagram.com\/altoonanow\/","https:\/\/www.linkedin.com\/company\/10097588\/"]}]}},"_links":{"self":[{"href":"https:\/\/altoonanow.org\/es\/wp-json\/wp\/v2\/pages\/4566","targetHints":{"allow":["GET"]}}],"collection":[{"href":"https:\/\/altoonanow.org\/es\/wp-json\/wp\/v2\/pages"}],"about":[{"href":"https:\/\/altoonanow.org\/es\/wp-json\/wp\/v2\/types\/page"}],"author":[{"embeddable":true,"href":"https:\/\/altoonanow.org\/es\/wp-json\/wp\/v2\/users\/2"}],"replies":[{"embeddable":true,"href":"https:\/\/altoonanow.org\/es\/wp-json\/wp\/v2\/comments?post=4566"}],"version-history":[{"count":0,"href":"https:\/\/altoonanow.org\/es\/wp-json\/wp\/v2\/pages\/4566\/revisions"}],"wp:attachment":[{"href":"https:\/\/altoonanow.org\/es\/wp-json\/wp\/v2\/media?parent=4566"}],"curies":[{"name":"wp","href":"https:\/\/api.w.org\/{rel}","templated":true}]}}