{"id":4567,"date":"2015-07-16T18:02:24","date_gmt":"2015-07-16T18:02:24","guid":{"rendered":"https:\/\/altoonanow.org\/indicadoreseconomicos-ahora\/"},"modified":"2015-07-16T18:02:24","modified_gmt":"2015-07-16T18:02:24","slug":"indicadoreseconomicos-ahora","status":"publish","type":"page","link":"https:\/\/altoonanow.org\/es\/indicadoreseconomicos-ahora\/","title":{"rendered":"Indicadores<span class=\"yellow\">econ\u00f3micos AHORA<\/span>"},"content":{"rendered":"<p>La regi\u00f3n de Altoona presume de una baja tasa de desempleo y de un aumento en la ocupaci\u00f3n comercial e industrial. Nuestras ventas minoristas tambi\u00e9n est\u00e1n creciendo, aumentando en Altoona m\u00e1s del 30% desde 2015. La disponibilidad de empleos, carreras y el crecimiento de la fuerza laboral en la regi\u00f3n est\u00e1n ganando impulso, impulsando el comercio local y elevando Altoona y las comunidades vecinas a grandes alturas.<\/p>\n<hr>\n<h3>TASAS DE DESEMPLEO<\/h3>\n<h3><img loading=\"lazy\" decoding=\"async\" class=\"alignnone wp-image-143 size-full\" src=\"https:\/\/altoonanow.org\/wp-content\/uploads\/2022\/02\/Economic-Indicator-Update.png.webp\" alt=\"desempleo Ahora\" width=\"1000\" height=\"287\"><\/h3>\n<h3>TASAS DE VACANTES<\/h3>\n<div class=\"row\">\n<div class=\"large-12 small-12 columns\">\n<table width=\"100%\" cellspacing=\"0\" cellpadding=\"0\">\n<tbody>\n<tr>\n<td><strong><span class=\"BoldBlue\">MERCADO<\/span><\/strong><\/td>\n<td><strong><span class=\"BoldBlue\">2021<\/span><\/strong><\/td>\n<\/tr>\n<tr>\n<td><span class=\"BoldBlue\">Oficina<\/span><\/td>\n<td><\/td>\n<\/tr>\n<tr>\nRegi\u00f3n <\/p>\n<td>del Gran Des Moines<\/td>\n<td align=\"right\">16,7%<\/td>\n<\/tr>\n<tr>\n<td>Suburbio noreste de Des Moines (incluye Altoona)*<\/td>\n<td align=\"right\">13%<\/td>\n<\/tr>\n<tr>\n<td><span class=\"BoldBlue\">Flex<\/span><\/td>\n<td><\/td>\n<\/tr>\n<tr>\nRegi\u00f3n <\/p>\n<td>del Gran Des Moines<\/td>\n<td align=\"right\">6%<\/td>\n<\/tr>\n<tr>\n<td>Suburbio noreste de Des Moines (incluye Altoona)*<\/td>\n<td align=\"right\">1,4%<\/td>\n<\/tr>\n<tr>\n<td><span class=\"BoldBlue\">Almac\u00e9n<\/span><\/td>\n<td><\/td>\n<\/tr>\n<tr>\nRegi\u00f3n <\/p>\n<td>del Gran Des Moines<\/td>\n<td align=\"right\">3,5%<\/td>\n<\/tr>\n<tr>\n<td>Suburbio noreste de Des Moines (incluye Altoona)*<\/td>\n<td align=\"right\">1,9%<\/td>\n<\/tr>\n<tr>\n<td><span class=\"BoldBlue\">Fabricaci\u00f3n<\/span><\/td>\n<td><\/td>\n<\/tr>\n<tr>\nRegi\u00f3n <\/p>\n<td>del Gran Des Moines<\/td>\n<td align=\"right\">2,04%<\/td>\n<\/tr>\n<tr>\n<td>Suburbio noreste de Des Moines (incluye Altoona)*<\/td>\n<td align=\"right\">2,85%<\/td>\n<\/tr>\n<tr>\n<td><span class=\"BoldBlue\">Comercio &#8211; Centro de vecindario y comunidad<\/span><\/td>\n<td><\/td>\n<\/tr>\n<tr>\nRegi\u00f3n <\/p>\n<td>del Gran Des Moines<\/td>\n<td align=\"right\">11,9%<\/td>\n<\/tr>\n<tr>\n<td>Suburbio noreste de Des Moines (incluye Altoona)*<\/td>\n<td align=\"right\">4,7%<\/td>\n<\/tr>\n<tr>\n<td><span class=\"BoldBlue\">Retail &#8211; Gran Superficie<\/span><\/td>\n<td><\/td>\n<\/tr>\n<tr>\nRegi\u00f3n <\/p>\n<td>del Gran Des Moines<\/td>\n<td align=\"right\">2,9%<\/td>\n<\/tr>\n<tr>\n<td>Suburbio noreste de Des Moines (incluye Altoona)*<\/td>\n<td align=\"right\">0%<\/td>\n<\/tr>\n<\/tbody>\n<\/table>\n<p style=\"font-size: 12px;\">*Consiste en el noreste de Des Moines (extendido hacia el sur hasta el r\u00edo Des Moines), Pleasant Hill, Altoona, el municipio de Eastern Saylor y el municipio de Delaware. Fuente: CBRE | Hubbell, cuarto trimestre de 2021<\/p>\n<\/div>\n<\/div>\n","protected":false},"excerpt":{"rendered":"<p>La regi\u00f3n de Altoona presume de una baja tasa de desempleo y de un aumento en la ocupaci\u00f3n comercial e industrial. Nuestras ventas minoristas tambi\u00e9n est\u00e1n creciendo, aumentando en Altoona m\u00e1s del 30% desde 2015. La disponibilidad de empleos, carreras y el crecimiento de la fuerza laboral en la regi\u00f3n est\u00e1n ganando impulso, impulsando el [&hellip;]<\/p>\n","protected":false},"author":2,"featured_media":0,"parent":0,"menu_order":0,"comment_status":"closed","ping_status":"closed","template":"templates\/page-sidebar-right-data.php","meta":{"footnotes":""},"class_list":["post-4567","page","type-page","status-publish","hentry"],"yoast_head":"<!-- This site is optimized with the Yoast SEO plugin v26.9 - https:\/\/yoast.com\/product\/yoast-seo-wordpress\/ -->\n<title>Indicadoresecon\u00f3micos AHORA - Altoona Now!<\/title>\n<meta name=\"description\" content=\"La disponibilidad de empleos, carreras y el crecimiento de la fuerza laboral est\u00e1n ganando impulso, impulsando el comercio local y elevando Altoona y las comunidades cercanas a grandes alturas.\" \/>\n<meta name=\"robots\" content=\"index, follow, max-snippet:-1, max-image-preview:large, max-video-preview:-1\" \/>\n<link rel=\"canonical\" href=\"https:\/\/altoonanow.org\/es\/indicadoreseconomicos-ahora\/\" \/>\n<meta property=\"og:locale\" content=\"es_ES\" \/>\n<meta property=\"og:type\" content=\"article\" \/>\n<meta property=\"og:title\" content=\"Indicadoresecon\u00f3micos AHORA - Altoona Now!\" \/>\n<meta property=\"og:description\" content=\"La disponibilidad de empleos, carreras y el crecimiento de la fuerza laboral est\u00e1n ganando impulso, impulsando el comercio local y elevando Altoona y las comunidades cercanas a grandes alturas.\" \/>\n<meta property=\"og:url\" content=\"https:\/\/altoonanow.org\/es\/indicadoreseconomicos-ahora\/\" \/>\n<meta property=\"og:site_name\" content=\"Altoona Now!\" \/>\n<meta property=\"article:publisher\" content=\"https:\/\/www.facebook.com\/altoonanow\/\" \/>\n<meta property=\"og:image\" content=\"https:\/\/altoonanow.org\/wp-content\/uploads\/2015\/07\/unemploymentNow.png.webp\" \/>\n\t<meta property=\"og:image:width\" content=\"1000\" \/>\n\t<meta property=\"og:image:height\" content=\"287\" \/>\n\t<meta property=\"og:image:type\" content=\"image\/png\" \/>\n<meta name=\"twitter:card\" content=\"summary_large_image\" \/>\n<meta name=\"twitter:site\" content=\"@altoonanow\" \/>\n<meta name=\"twitter:label1\" content=\"Tiempo de lectura\" \/>\n\t<meta name=\"twitter:data1\" content=\"1 minuto\" \/>\n<!-- \/ Yoast SEO plugin. -->","yoast_head_json":{"title":"Indicadoresecon\u00f3micos AHORA - Altoona Now!","description":"La disponibilidad de empleos, carreras y el crecimiento de la fuerza laboral est\u00e1n ganando impulso, impulsando el comercio local y elevando Altoona y las comunidades cercanas a grandes alturas.","robots":{"index":"index","follow":"follow","max-snippet":"max-snippet:-1","max-image-preview":"max-image-preview:large","max-video-preview":"max-video-preview:-1"},"canonical":"https:\/\/altoonanow.org\/es\/indicadoreseconomicos-ahora\/","og_locale":"es_ES","og_type":"article","og_title":"Indicadoresecon\u00f3micos AHORA - Altoona Now!","og_description":"La disponibilidad de empleos, carreras y el crecimiento de la fuerza laboral est\u00e1n ganando impulso, impulsando el comercio local y elevando Altoona y las comunidades cercanas a grandes alturas.","og_url":"https:\/\/altoonanow.org\/es\/indicadoreseconomicos-ahora\/","og_site_name":"Altoona Now!","article_publisher":"https:\/\/www.facebook.com\/altoonanow\/","og_image":[{"width":1000,"height":287,"url":"https:\/\/altoonanow.org\/wp-content\/uploads\/2015\/07\/unemploymentNow.png.webp","type":"image\/png"}],"twitter_card":"summary_large_image","twitter_site":"@altoonanow","twitter_misc":{"Tiempo de lectura":"1 minuto"},"schema":{"@context":"https:\/\/schema.org","@graph":[{"@type":"WebPage","@id":"https:\/\/altoonanow.org\/es\/indicadoreseconomicos-ahora\/","url":"https:\/\/altoonanow.org\/es\/indicadoreseconomicos-ahora\/","name":"Indicadoresecon\u00f3micos AHORA - Altoona Now!","isPartOf":{"@id":"https:\/\/altoonanow.org\/es\/#website"},"primaryImageOfPage":{"@id":"https:\/\/altoonanow.org\/es\/indicadoreseconomicos-ahora\/#primaryimage"},"image":{"@id":"https:\/\/altoonanow.org\/es\/indicadoreseconomicos-ahora\/#primaryimage"},"thumbnailUrl":"https:\/\/altoonanow.org\/wp-content\/uploads\/2022\/02\/Economic-Indicator-Update.png.webp","datePublished":"2015-07-16T18:02:24+00:00","description":"La disponibilidad de empleos, carreras y el crecimiento de la fuerza laboral est\u00e1n ganando impulso, impulsando el comercio local y elevando Altoona y las comunidades cercanas a grandes alturas.","breadcrumb":{"@id":"https:\/\/altoonanow.org\/es\/indicadoreseconomicos-ahora\/#breadcrumb"},"inLanguage":"es","potentialAction":[{"@type":"ReadAction","target":["https:\/\/altoonanow.org\/es\/indicadoreseconomicos-ahora\/"]}]},{"@type":"ImageObject","inLanguage":"es","@id":"https:\/\/altoonanow.org\/es\/indicadoreseconomicos-ahora\/#primaryimage","url":"https:\/\/altoonanow.org\/wp-content\/uploads\/2022\/02\/Economic-Indicator-Update.png.webp","contentUrl":"https:\/\/altoonanow.org\/wp-content\/uploads\/2022\/02\/Economic-Indicator-Update.png.webp"},{"@type":"BreadcrumbList","@id":"https:\/\/altoonanow.org\/es\/indicadoreseconomicos-ahora\/#breadcrumb","itemListElement":[{"@type":"ListItem","position":1,"name":"Inicio","item":"https:\/\/altoonanow.org\/es\/casa-2022\/"},{"@type":"ListItem","position":2,"name":"Indicadoresecon\u00f3micos AHORA"}]},{"@type":"WebSite","@id":"https:\/\/altoonanow.org\/es\/#website","url":"https:\/\/altoonanow.org\/es\/","name":"AltoonaNow","description":"","publisher":{"@id":"https:\/\/altoonanow.org\/es\/#organization"},"potentialAction":[{"@type":"SearchAction","target":{"@type":"EntryPoint","urlTemplate":"https:\/\/altoonanow.org\/es\/?s={search_term_string}"},"query-input":{"@type":"PropertyValueSpecification","valueRequired":true,"valueName":"search_term_string"}}],"inLanguage":"es"},{"@type":"Organization","@id":"https:\/\/altoonanow.org\/es\/#organization","name":"AltoonaNow","url":"https:\/\/altoonanow.org\/es\/","logo":{"@type":"ImageObject","inLanguage":"es","@id":"https:\/\/altoonanow.org\/es\/#\/schema\/logo\/image\/","url":"https:\/\/altoonanow.org\/wp-content\/uploads\/2022\/07\/footer-logo.png.webp","contentUrl":"https:\/\/altoonanow.org\/wp-content\/uploads\/2022\/07\/footer-logo.png.webp","width":754,"height":236,"caption":"AltoonaNow"},"image":{"@id":"https:\/\/altoonanow.org\/es\/#\/schema\/logo\/image\/"},"sameAs":["https:\/\/www.facebook.com\/altoonanow\/","https:\/\/x.com\/altoonanow","https:\/\/www.instagram.com\/altoonanow\/","https:\/\/www.linkedin.com\/company\/10097588\/"]}]}},"_links":{"self":[{"href":"https:\/\/altoonanow.org\/es\/wp-json\/wp\/v2\/pages\/4567","targetHints":{"allow":["GET"]}}],"collection":[{"href":"https:\/\/altoonanow.org\/es\/wp-json\/wp\/v2\/pages"}],"about":[{"href":"https:\/\/altoonanow.org\/es\/wp-json\/wp\/v2\/types\/page"}],"author":[{"embeddable":true,"href":"https:\/\/altoonanow.org\/es\/wp-json\/wp\/v2\/users\/2"}],"replies":[{"embeddable":true,"href":"https:\/\/altoonanow.org\/es\/wp-json\/wp\/v2\/comments?post=4567"}],"version-history":[{"count":0,"href":"https:\/\/altoonanow.org\/es\/wp-json\/wp\/v2\/pages\/4567\/revisions"}],"wp:attachment":[{"href":"https:\/\/altoonanow.org\/es\/wp-json\/wp\/v2\/media?parent=4567"}],"curies":[{"name":"wp","href":"https:\/\/api.w.org\/{rel}","templated":true}]}}