{"id":4571,"date":"2015-07-16T17:58:07","date_gmt":"2015-07-16T17:58:07","guid":{"rendered":"https:\/\/altoonanow.org\/plantilla-ahora\/"},"modified":"2015-07-16T17:58:07","modified_gmt":"2015-07-16T17:58:07","slug":"plantilla-ahora","status":"publish","type":"page","link":"https:\/\/altoonanow.org\/es\/plantilla-ahora\/","title":{"rendered":"<span class=\"yellow\">Plantilla AHORA<\/span>"},"content":{"rendered":"<p>Altamente formados, especializados y diversos, nuestra plantilla trabaja en sectores competitivos. Ya sea ingenier\u00eda, construcci\u00f3n, sanidad, servicios profesionales, negocios o gesti\u00f3n, estamos utilizando nuestras habilidades para construir y mantener el impulso de la regi\u00f3n. Estamos teniendo \u00e9xito en AltoonaNow.  <\/p>\n<hr>\n<div class=\"row\">\n<div class=\"large-12 small-12 columns\">\n<table class=\"responsive\" width=\"100%\" cellspacing=\"0\" cellpadding=\"0\">\n<tbody>\n<tr>\n<td class=\"tableColumnHead\">Rendimiento<\/td>\n<p> educativo<\/p>\n<td class=\"tableColumnHead\" style=\"text-align: center;\" colspan=\"1\">Altoona<\/td>\n<td class=\"tableColumnHead\" style=\"text-align: center;\" colspan=\"1\">Regi\u00f3n del Gran Des Moines<\/td>\n<\/tr>\n<tr>\n<td>Graduado de Secundaria o Superior<\/td>\n<td style=\"text-align: center;\"><span class=\"yellowBold\">92%<\/span><\/td>\n<td class=\"tableColumnHead\" style=\"text-align: center;\">89%<\/td>\n<td><\/td>\n<\/tr>\n<tr>\n<td>Grado universitario o superior, edad 25+<\/td>\n<td style=\"text-align: center;\"><span class=\"yellowBold\">33%<\/span><\/td>\n<td class=\"tableColumnHead\" style=\"text-align: center;\">37%<\/td>\n<td><\/td>\n<\/tr>\n<tr>\n<td>Algunos colegios<\/td>\n<td style=\"text-align: center;\"><span class=\"yellowBold\">22%<\/span><\/td>\n<td class=\"tableColumnHead\" style=\"text-align: center;\">19%<\/td>\n<\/tr>\n<tr>\nT\u00edtulo <\/p>\n<td>de Asociado<\/td>\n<td style=\"text-align: center;\"><span class=\"yellowBold\">11%<\/span><\/td>\n<td class=\"tableColumnHead\" style=\"text-align: center;\">11%<\/td>\n<\/tr>\n<tr>\n<td>Licenciatura<\/td>\n<td style=\"text-align: center;\"><span class=\"yellowBold\">26%<\/span><\/td>\n<td class=\"tableColumnHead\" style=\"text-align: center;\">26%<\/td>\n<\/tr>\n<tr>\nT\u00edtulo <\/p>\n<td>de posgrado<\/td>\n<td class=\"tableColumnHead\" style=\"text-align: center;\"><span class=\"yellowBold\">7%<\/span><\/td>\n<td class=\"tableColumnHead\" style=\"text-align: center;\">11%<\/td>\n<\/tr>\n<\/tbody>\n<\/table>\n<hr>\n<div class=\"row\">\n<div class=\"large-12 small-12 columns\">\n<table class=\"responsive\" width=\"100%\" cellspacing=\"0\" cellpadding=\"0\">\n<tbody>\n<tr>\n<td class=\"tableColumnHead\">Ocupaci\u00f3n por industria<\/td>\n<td class=\"tableColumnHead\" style=\"text-align: center;\" colspan=\"1\">Altoona<\/td>\n<td class=\"tableColumnHead\" style=\"text-align: center;\" colspan=\"1\">Regi\u00f3n del Gran Des Moines<\/td>\n<\/tr>\n<tr>\n<td>Atenci\u00f3n sanitaria\/asistencia<\/td>\n<p> social<\/p>\n<td class=\"tableColumnHead\" style=\"text-align: center;\"><span class=\"yellowBold\">1.443<\/span><\/td>\n<td class=\"tableColumnHead\" style=\"text-align: center;\">48.808<\/td>\n<\/tr>\n<tr>\n<td>Finanzas\/Seguros<\/td>\n<td class=\"tableColumnHead\" style=\"text-align: center;\"><span class=\"yellowBold\">1,3,91<\/span><\/td>\n<td class=\"tableColumnHead\" style=\"text-align: center;\">56.156<\/td>\n<\/tr>\n<tr>\n<td>Comercio<\/td>\n<p> minorista<\/p>\n<td class=\"tableColumnHead\" style=\"text-align: center;\"><span class=\"yellowBold\">1.046<\/span><\/td>\n<td class=\"tableColumnHead\" style=\"text-align: center;\">40.065<\/td>\n<\/tr>\n<tr>\n<td>Fabricaci\u00f3n<\/td>\n<td class=\"tableColumnHead\" style=\"text-align: center;\"><span class=\"yellowBold\">874<\/span><\/td>\n<td class=\"tableColumnHead\" style=\"text-align: center;\">32.465<\/td>\n<\/tr>\n<tr>\n<td>Servicios educativos<\/td>\n<td class=\"tableColumnHead\" style=\"text-align: center;\"><span class=\"yellowBold\">795<\/span><\/td>\n<td class=\"tableColumnHead\" style=\"text-align: center;\">28.046<\/td>\n<\/tr>\n<tr>\nServicios <\/p>\n<td>Profesionales, Cient\u00edficos y T\u00e9cnicos<\/td>\n<td class=\"tableColumnHead\" style=\"text-align: center;\"><span class=\"yellowBold\">691<\/span><\/td>\n<td class=\"tableColumnHead\" style=\"text-align: center;\">26.689<\/td>\n<\/tr>\n<tr>\n<td>Administraci\u00f3n P\u00fablica<\/td>\n<td class=\"tableColumnHead\" style=\"text-align: center;\"><span class=\"yellowBold\">623<\/span><\/td>\n<td class=\"tableColumnHead\" style=\"text-align: center;\">15.241<\/td>\n<\/tr>\n<tr>\n<td>Construcci\u00f3n<\/td>\n<td class=\"tableColumnHead\" style=\"text-align: center;\"><span class=\"yellowBold\">545<\/span><\/td>\n<td class=\"tableColumnHead\" style=\"text-align: center;\">23.926<\/td>\n<\/tr>\n<tr>\n<td>Alojamiento\/Servicios<\/td>\n<p> de Alimentaci\u00f3n<\/p>\n<td class=\"tableColumnHead\" style=\"text-align: center;\"><span class=\"yellowBold\">515<\/span><\/td>\n<td class=\"tableColumnHead\" style=\"text-align: center;\">16.731<\/td>\n<\/tr>\n<tr>\n<td>Transporte\/Almacenamiento<\/td>\n<td class=\"tableColumnHead\" style=\"text-align: center;\"><span class=\"yellowBold\">418<\/span><\/td>\n<td class=\"tableColumnHead\" style=\"text-align: center;\">15.268<\/td>\n<\/tr>\n<tr>\nComercio <\/p>\n<td>mayorista<\/td>\n<td class=\"tableColumnHead\" style=\"text-align: center;\"><span class=\"yellowBold\">377<\/span><\/td>\n<td class=\"tableColumnHead\" style=\"text-align: center;\">9.469<\/td>\n<\/tr>\n<tr>\n<td>Otros servicios<\/td>\n<td class=\"tableColumnHead\" style=\"text-align: center;\"><span class=\"yellowBold\">272<\/span><\/td>\n<td class=\"tableColumnHead\" style=\"text-align: center;\">13.868<\/td>\n<\/tr>\n<tr>\n<td>Artes, Entretenimiento y Recreaci\u00f3n<\/td>\n<td class=\"tableColumnHead\" style=\"text-align: center;\"><span class=\"yellowBold\">233<\/span><\/td>\n<td class=\"tableColumnHead\" style=\"text-align: center;\">4.367<\/td>\n<\/tr>\n<tr>\n<td>Apoyo Administrativo y Servicios<\/td>\n<p> de Gesti\u00f3n de Residuos<\/p>\n<td class=\"tableColumnHead\" style=\"text-align: center;\"><span class=\"yellowBold\">232<\/span><\/td>\n<td class=\"tableColumnHead\" style=\"text-align: center;\">11.908<\/td>\n<\/tr>\n<tr>\n<td>Bienes ra\u00edces, alquiler, arrendamiento<\/td>\n<td class=\"tableColumnHead\" style=\"text-align: center;\"><span class=\"yellowBold\">141<\/span><\/td>\n<td class=\"tableColumnHead\" style=\"text-align: center;\">5.264<\/td>\n<\/tr>\n<tr>\n<td>Informaci\u00f3n<\/td>\n<td class=\"tableColumnHead\" style=\"text-align: center;\"><span class=\"yellowBold\">121<\/span><\/td>\n<td class=\"tableColumnHead\" style=\"text-align: center;\">5.946<\/td>\n<\/tr>\n<tr>\n<td>Agricultura<\/td>\n<td class=\"tableColumnHead\" style=\"text-align: center;\"><span class=\"yellowBold\">47<\/span><\/td>\n<td class=\"tableColumnHead\" style=\"text-align: center;\">5.673<\/td>\n<\/tr>\n<tr>\n<td>Servicios<\/td>\n<p> p\u00fablicos<\/p>\n<td class=\"tableColumnHead\" style=\"text-align: center;\"><span class=\"yellowBold\">43<\/span><\/td>\n<td class=\"tableColumnHead\" style=\"text-align: center;\">2.311<\/td>\n<\/tr>\n<tr>\n<td>Gesti\u00f3n de Empresas<\/td>\n<td class=\"tableColumnHead\" style=\"text-align: center;\"><span class=\"yellowBold\">0<\/span><\/td>\n<td class=\"tableColumnHead\" style=\"text-align: center;\">369<\/td>\n<\/tr>\n<tr>\n<td>Miner\u00eda, Canter\u00eda, Extracci\u00f3n<\/td>\n<p> de Petr\u00f3leo y Gas<\/p>\n<td class=\"tableColumnHead\" style=\"text-align: center;\"><span class=\"yellowBold\">0<\/span><\/td>\n<td class=\"tableColumnHead\" style=\"text-align: center;\">56<\/td>\n<\/tr>\n<\/tbody>\n<\/table>\n<\/div>\n<\/div>\n<\/div>\n<\/div>\n","protected":false},"excerpt":{"rendered":"<p>Altamente formados, especializados y diversos, nuestra plantilla trabaja en sectores competitivos. Ya sea ingenier\u00eda, construcci\u00f3n, sanidad, servicios profesionales, negocios o gesti\u00f3n, estamos utilizando nuestras habilidades para construir y mantener el impulso de la regi\u00f3n. Estamos teniendo \u00e9xito en AltoonaNow. Rendimiento educativo Altoona Regi\u00f3n del Gran Des Moines Graduado de Secundaria o Superior 92% 89% Grado [&hellip;]<\/p>\n","protected":false},"author":2,"featured_media":0,"parent":0,"menu_order":0,"comment_status":"closed","ping_status":"closed","template":"templates\/page-sidebar-right-data.php","meta":{"footnotes":""},"class_list":["post-4571","page","type-page","status-publish","hentry"],"yoast_head":"<!-- This site is optimized with the Yoast SEO plugin v26.9 - https:\/\/yoast.com\/product\/yoast-seo-wordpress\/ -->\n<title>Plantilla AHORA - Altoona Now!<\/title>\n<meta name=\"description\" content=\"Altamente formados, especializados y diversos, nuestra plantilla trabaja en sectores competitivos. Estamos teniendo \u00e9xito en AltoonaNow.\" \/>\n<meta name=\"robots\" content=\"index, follow, max-snippet:-1, max-image-preview:large, max-video-preview:-1\" \/>\n<link rel=\"canonical\" href=\"https:\/\/altoonanow.org\/es\/plantilla-ahora\/\" \/>\n<meta property=\"og:locale\" content=\"es_ES\" \/>\n<meta property=\"og:type\" content=\"article\" \/>\n<meta property=\"og:title\" content=\"Plantilla AHORA - Altoona Now!\" \/>\n<meta property=\"og:description\" content=\"Altamente formados, especializados y diversos, nuestra plantilla trabaja en sectores competitivos. Estamos teniendo \u00e9xito en AltoonaNow.\" \/>\n<meta property=\"og:url\" content=\"https:\/\/altoonanow.org\/es\/plantilla-ahora\/\" \/>\n<meta property=\"og:site_name\" content=\"Altoona Now!\" \/>\n<meta property=\"article:publisher\" content=\"https:\/\/www.facebook.com\/altoonanow\/\" \/>\n<meta name=\"twitter:card\" content=\"summary_large_image\" \/>\n<meta name=\"twitter:site\" content=\"@altoonanow\" \/>\n<meta name=\"twitter:label1\" content=\"Tiempo de lectura\" \/>\n\t<meta name=\"twitter:data1\" content=\"1 minuto\" \/>\n<!-- \/ Yoast SEO plugin. -->","yoast_head_json":{"title":"Plantilla AHORA - Altoona Now!","description":"Altamente formados, especializados y diversos, nuestra plantilla trabaja en sectores competitivos. Estamos teniendo \u00e9xito en AltoonaNow.","robots":{"index":"index","follow":"follow","max-snippet":"max-snippet:-1","max-image-preview":"max-image-preview:large","max-video-preview":"max-video-preview:-1"},"canonical":"https:\/\/altoonanow.org\/es\/plantilla-ahora\/","og_locale":"es_ES","og_type":"article","og_title":"Plantilla AHORA - Altoona Now!","og_description":"Altamente formados, especializados y diversos, nuestra plantilla trabaja en sectores competitivos. Estamos teniendo \u00e9xito en AltoonaNow.","og_url":"https:\/\/altoonanow.org\/es\/plantilla-ahora\/","og_site_name":"Altoona Now!","article_publisher":"https:\/\/www.facebook.com\/altoonanow\/","twitter_card":"summary_large_image","twitter_site":"@altoonanow","twitter_misc":{"Tiempo de lectura":"1 minuto"},"schema":{"@context":"https:\/\/schema.org","@graph":[{"@type":"WebPage","@id":"https:\/\/altoonanow.org\/es\/plantilla-ahora\/","url":"https:\/\/altoonanow.org\/es\/plantilla-ahora\/","name":"Plantilla AHORA - Altoona Now!","isPartOf":{"@id":"https:\/\/altoonanow.org\/es\/#website"},"datePublished":"2015-07-16T17:58:07+00:00","description":"Altamente formados, especializados y diversos, nuestra plantilla trabaja en sectores competitivos. Estamos teniendo \u00e9xito en AltoonaNow.","breadcrumb":{"@id":"https:\/\/altoonanow.org\/es\/plantilla-ahora\/#breadcrumb"},"inLanguage":"es","potentialAction":[{"@type":"ReadAction","target":["https:\/\/altoonanow.org\/es\/plantilla-ahora\/"]}]},{"@type":"BreadcrumbList","@id":"https:\/\/altoonanow.org\/es\/plantilla-ahora\/#breadcrumb","itemListElement":[{"@type":"ListItem","position":1,"name":"Inicio","item":"https:\/\/altoonanow.org\/es\/casa-2022\/"},{"@type":"ListItem","position":2,"name":"Plantilla AHORA"}]},{"@type":"WebSite","@id":"https:\/\/altoonanow.org\/es\/#website","url":"https:\/\/altoonanow.org\/es\/","name":"AltoonaNow","description":"","publisher":{"@id":"https:\/\/altoonanow.org\/es\/#organization"},"potentialAction":[{"@type":"SearchAction","target":{"@type":"EntryPoint","urlTemplate":"https:\/\/altoonanow.org\/es\/?s={search_term_string}"},"query-input":{"@type":"PropertyValueSpecification","valueRequired":true,"valueName":"search_term_string"}}],"inLanguage":"es"},{"@type":"Organization","@id":"https:\/\/altoonanow.org\/es\/#organization","name":"AltoonaNow","url":"https:\/\/altoonanow.org\/es\/","logo":{"@type":"ImageObject","inLanguage":"es","@id":"https:\/\/altoonanow.org\/es\/#\/schema\/logo\/image\/","url":"https:\/\/altoonanow.org\/wp-content\/uploads\/2022\/07\/footer-logo.png.webp","contentUrl":"https:\/\/altoonanow.org\/wp-content\/uploads\/2022\/07\/footer-logo.png.webp","width":754,"height":236,"caption":"AltoonaNow"},"image":{"@id":"https:\/\/altoonanow.org\/es\/#\/schema\/logo\/image\/"},"sameAs":["https:\/\/www.facebook.com\/altoonanow\/","https:\/\/x.com\/altoonanow","https:\/\/www.instagram.com\/altoonanow\/","https:\/\/www.linkedin.com\/company\/10097588\/"]}]}},"_links":{"self":[{"href":"https:\/\/altoonanow.org\/es\/wp-json\/wp\/v2\/pages\/4571","targetHints":{"allow":["GET"]}}],"collection":[{"href":"https:\/\/altoonanow.org\/es\/wp-json\/wp\/v2\/pages"}],"about":[{"href":"https:\/\/altoonanow.org\/es\/wp-json\/wp\/v2\/types\/page"}],"author":[{"embeddable":true,"href":"https:\/\/altoonanow.org\/es\/wp-json\/wp\/v2\/users\/2"}],"replies":[{"embeddable":true,"href":"https:\/\/altoonanow.org\/es\/wp-json\/wp\/v2\/comments?post=4571"}],"version-history":[{"count":0,"href":"https:\/\/altoonanow.org\/es\/wp-json\/wp\/v2\/pages\/4571\/revisions"}],"wp:attachment":[{"href":"https:\/\/altoonanow.org\/es\/wp-json\/wp\/v2\/media?parent=4571"}],"curies":[{"name":"wp","href":"https:\/\/api.w.org\/{rel}","templated":true}]}}