{"id":4676,"date":"2025-06-18T14:35:56","date_gmt":"2025-06-18T14:35:56","guid":{"rendered":"https:\/\/altoonanow.org\/analisis-de-comercio-minorista\/"},"modified":"2025-06-18T14:35:56","modified_gmt":"2025-06-18T14:35:56","slug":"analisis-de-comercio-minorista","status":"publish","type":"page","link":"https:\/\/altoonanow.org\/es\/analisis-de-comercio-minorista\/","title":{"rendered":"<span class=\"yellow\">AN\u00c1LISIS<\/span> DE COMERCIO MINORISTA"},"content":{"rendered":"<h3>Descubre por qu\u00e9 los comercios minoristas eligen Altoona, Iowa<\/h3>\n<p>Situada justo al este de Des Moines, Altoona alberga una de las escenas comerciales m\u00e1s populares de Iowa. Con una poblaci\u00f3n en crecimiento, millones de visitantes anuales y una de las ventas per c\u00e1pita m\u00e1s altas entre sus pares, nuestra comunidad tiene el mercado para sostener casi cualquier negocio minorista. <\/p>\n<p>Complete el formulario a continuaci\u00f3n para descargar nuestro An\u00e1lisis de Comercio Minorista 2024, que detalla indicadores econ\u00f3micos clave del panorama minorista de Altoona, incluyendo tendencias demogr\u00e1ficas, datos de gasto minorista y m\u00e1s.<\/p>\n<script type=\"text\/javascript\">\n\/* <![CDATA[ *\/\nvar gform;gform||(document.addEventListener(\"gform_main_scripts_loaded\",function(){gform.scriptsLoaded=!0}),document.addEventListener(\"gform\/theme\/scripts_loaded\",function(){gform.themeScriptsLoaded=!0}),window.addEventListener(\"DOMContentLoaded\",function(){gform.domLoaded=!0}),gform={domLoaded:!1,scriptsLoaded:!1,themeScriptsLoaded:!1,isFormEditor:()=>\"function\"==typeof InitializeEditor,callIfLoaded:function(o){return!(!gform.domLoaded||!gform.scriptsLoaded||!gform.themeScriptsLoaded&&!gform.isFormEditor()||(gform.isFormEditor()&&console.warn(\"The use of gform.initializeOnLoaded() is deprecated in the form editor context and will be removed in Gravity Forms 3.1.\"),o(),0))},initializeOnLoaded:function(o){gform.callIfLoaded(o)||(document.addEventListener(\"gform_main_scripts_loaded\",()=>{gform.scriptsLoaded=!0,gform.callIfLoaded(o)}),document.addEventListener(\"gform\/theme\/scripts_loaded\",()=>{gform.themeScriptsLoaded=!0,gform.callIfLoaded(o)}),window.addEventListener(\"DOMContentLoaded\",()=>{gform.domLoaded=!0,gform.callIfLoaded(o)}))},hooks:{action:{},filter:{}},addAction:function(o,r,e,t){gform.addHook(\"action\",o,r,e,t)},addFilter:function(o,r,e,t){gform.addHook(\"filter\",o,r,e,t)},doAction:function(o){gform.doHook(\"action\",o,arguments)},applyFilters:function(o){return gform.doHook(\"filter\",o,arguments)},removeAction:function(o,r){gform.removeHook(\"action\",o,r)},removeFilter:function(o,r,e){gform.removeHook(\"filter\",o,r,e)},addHook:function(o,r,e,t,n){null==gform.hooks[o][r]&&(gform.hooks[o][r]=[]);var d=gform.hooks[o][r];null==n&&(n=r+\"_\"+d.length),gform.hooks[o][r].push({tag:n,callable:e,priority:t=null==t?10:t})},doHook:function(r,o,e){var t;if(e=Array.prototype.slice.call(e,1),null!=gform.hooks[r][o]&&((o=gform.hooks[r][o]).sort(function(o,r){return o.priority-r.priority}),o.forEach(function(o){\"function\"!=typeof(t=o.callable)&&(t=window[t]),\"action\"==r?t.apply(null,e):e[0]=t.apply(null,e)})),\"filter\"==r)return e[0]},removeHook:function(o,r,t,n){var e;null!=gform.hooks[o][r]&&(e=(e=gform.hooks[o][r]).filter(function(o,r,e){return!!(null!=n&&n!=o.tag||null!=t&&t!=o.priority)}),gform.hooks[o][r]=e)}});\n\/* ]]> *\/\n<\/script>\n\n                <div class='gf_browser_gecko gform_wrapper gravity-theme gform-theme--no-framework' data-form-theme='gravity-theme' data-form-index='0' id='gform_wrapper_12' >\n                        <div class='gform_heading'>\n\t\t\t\t\t\t\t<p class='gform_required_legend'>&quot;<span class=\"gfield_required gfield_required_asterisk\">*<\/span>&quot; se\u00f1ala los campos obligatorios<\/p>\n                        <\/div><form method='post' enctype='multipart\/form-data'  id='gform_12'  action='\/es\/wp-json\/wp\/v2\/pages\/4676' data-formid='12' novalidate><div class='gf_invisible ginput_recaptchav3' data-sitekey='6Ld5K-AmAAAAACzOKtObvmv0pZwuVIKbhjbdDlza' data-tabindex='0'><input id=\"input_1f22592cf5125f9bc5fbc5763e3be876\" class=\"gfield_recaptcha_response\" type=\"hidden\" name=\"input_1f22592cf5125f9bc5fbc5763e3be876\" value=\"\"\/><\/div>\n                        <div class='gform-body gform_body'><div id='gform_fields_12' class='gform_fields top_label form_sublabel_below description_below validation_below'><fieldset id=\"field_12_1\" class=\"gfield gfield--type-name gfield--input-type-name gfield_contains_required field_sublabel_below gfield--no-description field_description_below field_validation_below gfield_visibility_visible\"  ><legend class='gfield_label gform-field-label gfield_label_before_complex' >Nombre<span class=\"gfield_required\"><span class=\"gfield_required gfield_required_asterisk\">*<\/span><\/span><\/legend><div class='ginput_complex ginput_container ginput_container--name no_prefix has_first_name no_middle_name has_last_name no_suffix gf_name_has_2 ginput_container_name gform-grid-row' id='input_12_1'>\n                            \n                            <span id='input_12_1_3_container' class='name_first gform-grid-col gform-grid-col--size-auto' >\n                                                    <input type='text' name='input_1.3' id='input_12_1_3' value=''   aria-required='true'     \/>\n                                                    <label for='input_12_1_3' class='gform-field-label gform-field-label--type-sub '>Nombre<\/label>\n                                                <\/span>\n                            \n                            <span id='input_12_1_6_container' class='name_last gform-grid-col gform-grid-col--size-auto' >\n                                                    <input type='text' name='input_1.6' id='input_12_1_6' value=''   aria-required='true'     \/>\n                                                    <label for='input_12_1_6' class='gform-field-label gform-field-label--type-sub '>Apellidos<\/label>\n                                                <\/span>\n                            \n                        <\/div><\/fieldset><div id=\"field_12_2\" class=\"gfield gfield--type-email gfield--input-type-email gfield_contains_required field_sublabel_below gfield--no-description field_description_below field_validation_below gfield_visibility_visible\"  ><label class='gfield_label gform-field-label' for='input_12_2'>Correo electr\u00f3nico<span class=\"gfield_required\"><span class=\"gfield_required gfield_required_asterisk\">*<\/span><\/span><\/label><div class='ginput_container ginput_container_email'>\n                            <input name='input_2' id='input_12_2' type='email' value='' class='medium'    aria-required=\"true\" aria-invalid=\"false\"  \/>\n                        <\/div><\/div><div id=\"field_12_3\" class=\"gfield gfield--type-text gfield--input-type-text gfield_contains_required field_sublabel_below gfield--no-description field_description_below field_validation_below gfield_visibility_visible\"  ><label class='gfield_label gform-field-label' for='input_12_3'>Nombre de la empresa<span class=\"gfield_required\"><span class=\"gfield_required gfield_required_asterisk\">*<\/span><\/span><\/label><div class='ginput_container ginput_container_text'><input name='input_3' id='input_12_3' type='text' value='' class='medium'     aria-required=\"true\" aria-invalid=\"false\"   \/><\/div><\/div><\/div><\/div>\n        <div class='gform-footer gform_footer top_label'> <input type='submit' id='gform_submit_button_12' class='gform_button button' onclick='gform.submission.handleButtonClick(this);' data-submission-type='submit' value='Enviar'  \/> \n            <input type='hidden' class='gform_hidden' name='gform_submission_method' data-js='gform_submission_method_12' value='postback' \/>\n            <input type='hidden' class='gform_hidden' name='gform_theme' data-js='gform_theme_12' id='gform_theme_12' value='gravity-theme' \/>\n            <input type='hidden' class='gform_hidden' name='gform_style_settings' data-js='gform_style_settings_12' id='gform_style_settings_12' value='[]' \/>\n            <input type='hidden' class='gform_hidden' name='is_submit_12' value='1' \/>\n            <input type='hidden' class='gform_hidden' name='gform_submit' value='12' \/>\n            \n            <input type='hidden' class='gform_hidden' name='gform_currency' data-currency='USD' value='YHZ5ZO\/IFQVJgjVtC6+1miD7vo25VOe1uLgnHDJ\/8LULaL6y9P59kr8SHR5S4\/\/1oIrM3OIZuapr0y3Cp2F7Qd+5l4d+pqjaCK1bRHKocqdiAWo=' \/>\n            <input type='hidden' class='gform_hidden' name='gform_unique_id' value='' \/>\n            <input type='hidden' class='gform_hidden' name='state_12' value='WyJbXSIsIjdjNjBmMDljYzYzYjZiOTc1YzM1ODQwZDI2ZjhlYzJkIl0=' \/>\n            <input type='hidden' autocomplete='off' class='gform_hidden' name='gform_target_page_number_12' id='gform_target_page_number_12' value='0' \/>\n            <input type='hidden' autocomplete='off' class='gform_hidden' name='gform_source_page_number_12' id='gform_source_page_number_12' value='1' \/>\n            <input type='hidden' name='gform_field_values' value='' \/>\n            \n        <\/div>\n                        <\/form>\n                        <\/div><script type=\"text\/javascript\">\n\/* <![CDATA[ *\/\n gform.initializeOnLoaded( function() {gformInitSpinner( 12, 'https:\/\/altoonanow.org\/wp-content\/plugins\/gravityforms\/images\/spinner.svg', true );jQuery('#gform_ajax_frame_12').on('load',function(){var contents = jQuery(this).contents().find('*').html();var is_postback = contents.indexOf('GF_AJAX_POSTBACK') >= 0;if(!is_postback){return;}var form_content = jQuery(this).contents().find('#gform_wrapper_12');var is_confirmation = jQuery(this).contents().find('#gform_confirmation_wrapper_12').length > 0;var is_redirect = contents.indexOf('gformRedirect(){') >= 0;var is_form = form_content.length > 0 && ! is_redirect && ! is_confirmation;var mt = parseInt(jQuery('html').css('margin-top'), 10) + parseInt(jQuery('body').css('margin-top'), 10) + 100;if(is_form){jQuery('#gform_wrapper_12').html(form_content.html());if(form_content.hasClass('gform_validation_error')){jQuery('#gform_wrapper_12').addClass('gform_validation_error');} else {jQuery('#gform_wrapper_12').removeClass('gform_validation_error');}setTimeout( function() { \/* delay the scroll by 50 milliseconds to fix a bug in chrome *\/  }, 50 );if(window['gformInitDatepicker']) {gformInitDatepicker();}if(window['gformInitPriceFields']) {gformInitPriceFields();}var current_page = jQuery('#gform_source_page_number_12').val();gformInitSpinner( 12, 'https:\/\/altoonanow.org\/wp-content\/plugins\/gravityforms\/images\/spinner.svg', true );jQuery(document).trigger('gform_page_loaded', [12, current_page]);window['gf_submitting_12'] = false;}else if(!is_redirect){var confirmation_content = jQuery(this).contents().find('.GF_AJAX_POSTBACK').html();if(!confirmation_content){confirmation_content = contents;}jQuery('#gform_wrapper_12').replaceWith(confirmation_content);jQuery(document).trigger('gform_confirmation_loaded', [12]);window['gf_submitting_12'] = false;wp.a11y.speak(jQuery('#gform_confirmation_message_12').text());}else{jQuery('#gform_12').append(contents);if(window['gformRedirect']) {gformRedirect();}}jQuery(document).trigger(\"gform_pre_post_render\", [{ formId: \"12\", currentPage: \"current_page\", abort: function() { this.preventDefault(); } }]);        if (event && event.defaultPrevented) {                return;        }        const gformWrapperDiv = document.getElementById( \"gform_wrapper_12\" );        if ( gformWrapperDiv ) {            const visibilitySpan = document.createElement( \"span\" );            visibilitySpan.id = \"gform_visibility_test_12\";            gformWrapperDiv.insertAdjacentElement( \"afterend\", visibilitySpan );        }        const visibilityTestDiv = document.getElementById( \"gform_visibility_test_12\" );        let postRenderFired = false;        function triggerPostRender() {            if ( postRenderFired ) {                return;            }            postRenderFired = true;            gform.core.triggerPostRenderEvents( 12, current_page );            if ( visibilityTestDiv ) {                visibilityTestDiv.parentNode.removeChild( visibilityTestDiv );            }        }        function debounce( func, wait, immediate ) {            var timeout;            return function() {                var context = this, args = arguments;                var later = function() {                    timeout = null;                    if ( !immediate ) func.apply( context, args );                };                var callNow = immediate && !timeout;                clearTimeout( timeout );                timeout = setTimeout( later, wait );                if ( callNow ) func.apply( context, args );            };        }        const debouncedTriggerPostRender = debounce( function() {            triggerPostRender();        }, 200 );        if ( visibilityTestDiv && visibilityTestDiv.offsetParent === null ) {            const observer = new MutationObserver( ( mutations ) => {                mutations.forEach( ( mutation ) => {                    if ( mutation.type === 'attributes' && visibilityTestDiv.offsetParent !== null ) {                        debouncedTriggerPostRender();                        observer.disconnect();                    }                });            });            observer.observe( document.body, {                attributes: true,                childList: false,                subtree: true,                attributeFilter: [ 'style', 'class' ],            });        } else {            triggerPostRender();        }    } );} ); \n\/* ]]> *\/\n<\/script>\n\n","protected":false},"excerpt":{"rendered":"<p>Descubre por qu\u00e9 los comercios minoristas eligen Altoona, Iowa Situada justo al este de Des Moines, Altoona alberga una de las escenas comerciales m\u00e1s populares de Iowa. Con una poblaci\u00f3n en crecimiento, millones de visitantes anuales y una de las ventas per c\u00e1pita m\u00e1s altas entre sus pares, nuestra comunidad tiene el mercado para sostener [&hellip;]<\/p>\n","protected":false},"author":8,"featured_media":4677,"parent":0,"menu_order":0,"comment_status":"closed","ping_status":"closed","template":"templates\/page-sidebar-right.php","meta":{"footnotes":""},"class_list":["post-4676","page","type-page","status-publish","has-post-thumbnail","hentry"],"yoast_head":"<!-- This site is optimized with the Yoast SEO plugin v26.9 - https:\/\/yoast.com\/product\/yoast-seo-wordpress\/ -->\n<title>La floreciente industria minorista de Altoona, Iowa<\/title>\n<meta name=\"description\" content=\"Altoona es el destino minorista de Iowa, con uno de los totales de gasto minorista m\u00e1s altos de la provincia, atrayendo a millones de visitantes cada a\u00f1o.\" \/>\n<meta name=\"robots\" content=\"index, follow, max-snippet:-1, max-image-preview:large, max-video-preview:-1\" \/>\n<link rel=\"canonical\" href=\"https:\/\/altoonanow.org\/es\/analisis-de-comercio-minorista\/\" \/>\n<meta property=\"og:locale\" content=\"es_ES\" \/>\n<meta property=\"og:type\" content=\"article\" \/>\n<meta property=\"og:title\" content=\"An\u00e1lisis del comercio minorista de Altoona\" \/>\n<meta property=\"og:description\" content=\"Descarga el informe.\" \/>\n<meta property=\"og:url\" content=\"https:\/\/altoonanow.org\/es\/analisis-de-comercio-minorista\/\" \/>\n<meta property=\"og:site_name\" content=\"Altoona Now!\" \/>\n<meta property=\"article:publisher\" content=\"https:\/\/www.facebook.com\/altoonanow\/\" \/>\n<meta property=\"og:image\" content=\"https:\/\/altoonanow.org\/wp-content\/uploads\/2025\/06\/X_1600x900-1024x576.jpg\" \/>\n<meta name=\"twitter:card\" content=\"summary_large_image\" \/>\n<meta name=\"twitter:title\" content=\"An\u00e1lisis del comercio minorista de Altoona\" \/>\n<meta name=\"twitter:description\" content=\"Descarga el informe.\" \/>\n<meta name=\"twitter:image\" content=\"https:\/\/altoonanow.org\/wp-content\/uploads\/2025\/06\/X_1600x900-1024x576.jpg\" \/>\n<meta name=\"twitter:site\" content=\"@altoonanow\" \/>\n<meta name=\"twitter:label1\" content=\"Tiempo de lectura\" \/>\n\t<meta name=\"twitter:data1\" content=\"1 minuto\" \/>\n<!-- \/ Yoast SEO plugin. -->","yoast_head_json":{"title":"La floreciente industria minorista de Altoona, Iowa","description":"Altoona es el destino minorista de Iowa, con uno de los totales de gasto minorista m\u00e1s altos de la provincia, atrayendo a millones de visitantes cada a\u00f1o.","robots":{"index":"index","follow":"follow","max-snippet":"max-snippet:-1","max-image-preview":"max-image-preview:large","max-video-preview":"max-video-preview:-1"},"canonical":"https:\/\/altoonanow.org\/es\/analisis-de-comercio-minorista\/","og_locale":"es_ES","og_type":"article","og_title":"An\u00e1lisis del comercio minorista de Altoona","og_description":"Descarga el informe.","og_url":"https:\/\/altoonanow.org\/es\/analisis-de-comercio-minorista\/","og_site_name":"Altoona Now!","article_publisher":"https:\/\/www.facebook.com\/altoonanow\/","og_image":[{"url":"https:\/\/altoonanow.org\/wp-content\/uploads\/2025\/06\/X_1600x900-1024x576.jpg","type":"","width":"","height":""}],"twitter_card":"summary_large_image","twitter_title":"An\u00e1lisis del comercio minorista de Altoona","twitter_description":"Descarga el informe.","twitter_image":"https:\/\/altoonanow.org\/wp-content\/uploads\/2025\/06\/X_1600x900-1024x576.jpg","twitter_site":"@altoonanow","twitter_misc":{"Tiempo de lectura":"1 minuto"},"schema":{"@context":"https:\/\/schema.org","@graph":[{"@type":"WebPage","@id":"https:\/\/altoonanow.org\/es\/analisis-de-comercio-minorista\/","url":"https:\/\/altoonanow.org\/es\/analisis-de-comercio-minorista\/","name":"La floreciente industria minorista de Altoona, Iowa","isPartOf":{"@id":"https:\/\/altoonanow.org\/es\/#website"},"primaryImageOfPage":{"@id":"https:\/\/altoonanow.org\/es\/analisis-de-comercio-minorista\/#primaryimage"},"image":{"@id":"https:\/\/altoonanow.org\/es\/analisis-de-comercio-minorista\/#primaryimage"},"thumbnailUrl":"https:\/\/altoonanow.org\/wp-content\/uploads\/2025\/06\/AN_RetailTraideAnalysis_WebpageHeader.png","datePublished":"2025-06-18T14:35:56+00:00","description":"Altoona es el destino minorista de Iowa, con uno de los totales de gasto minorista m\u00e1s altos de la provincia, atrayendo a millones de visitantes cada a\u00f1o.","breadcrumb":{"@id":"https:\/\/altoonanow.org\/es\/analisis-de-comercio-minorista\/#breadcrumb"},"inLanguage":"es","potentialAction":[{"@type":"ReadAction","target":["https:\/\/altoonanow.org\/es\/analisis-de-comercio-minorista\/"]}]},{"@type":"ImageObject","inLanguage":"es","@id":"https:\/\/altoonanow.org\/es\/analisis-de-comercio-minorista\/#primaryimage","url":"https:\/\/altoonanow.org\/wp-content\/uploads\/2025\/06\/AN_RetailTraideAnalysis_WebpageHeader.png","contentUrl":"https:\/\/altoonanow.org\/wp-content\/uploads\/2025\/06\/AN_RetailTraideAnalysis_WebpageHeader.png","width":1920,"height":364},{"@type":"BreadcrumbList","@id":"https:\/\/altoonanow.org\/es\/analisis-de-comercio-minorista\/#breadcrumb","itemListElement":[{"@type":"ListItem","position":1,"name":"Inicio","item":"https:\/\/altoonanow.org\/es\/casa-2022\/"},{"@type":"ListItem","position":2,"name":"AN\u00c1LISIS DE COMERCIO MINORISTA"}]},{"@type":"WebSite","@id":"https:\/\/altoonanow.org\/es\/#website","url":"https:\/\/altoonanow.org\/es\/","name":"AltoonaNow","description":"","publisher":{"@id":"https:\/\/altoonanow.org\/es\/#organization"},"potentialAction":[{"@type":"SearchAction","target":{"@type":"EntryPoint","urlTemplate":"https:\/\/altoonanow.org\/es\/?s={search_term_string}"},"query-input":{"@type":"PropertyValueSpecification","valueRequired":true,"valueName":"search_term_string"}}],"inLanguage":"es"},{"@type":"Organization","@id":"https:\/\/altoonanow.org\/es\/#organization","name":"AltoonaNow","url":"https:\/\/altoonanow.org\/es\/","logo":{"@type":"ImageObject","inLanguage":"es","@id":"https:\/\/altoonanow.org\/es\/#\/schema\/logo\/image\/","url":"https:\/\/altoonanow.org\/wp-content\/uploads\/2022\/07\/footer-logo.png.webp","contentUrl":"https:\/\/altoonanow.org\/wp-content\/uploads\/2022\/07\/footer-logo.png.webp","width":754,"height":236,"caption":"AltoonaNow"},"image":{"@id":"https:\/\/altoonanow.org\/es\/#\/schema\/logo\/image\/"},"sameAs":["https:\/\/www.facebook.com\/altoonanow\/","https:\/\/x.com\/altoonanow","https:\/\/www.instagram.com\/altoonanow\/","https:\/\/www.linkedin.com\/company\/10097588\/"]}]}},"_links":{"self":[{"href":"https:\/\/altoonanow.org\/es\/wp-json\/wp\/v2\/pages\/4676","targetHints":{"allow":["GET"]}}],"collection":[{"href":"https:\/\/altoonanow.org\/es\/wp-json\/wp\/v2\/pages"}],"about":[{"href":"https:\/\/altoonanow.org\/es\/wp-json\/wp\/v2\/types\/page"}],"author":[{"embeddable":true,"href":"https:\/\/altoonanow.org\/es\/wp-json\/wp\/v2\/users\/8"}],"replies":[{"embeddable":true,"href":"https:\/\/altoonanow.org\/es\/wp-json\/wp\/v2\/comments?post=4676"}],"version-history":[{"count":0,"href":"https:\/\/altoonanow.org\/es\/wp-json\/wp\/v2\/pages\/4676\/revisions"}],"wp:featuredmedia":[{"embeddable":true,"href":"https:\/\/altoonanow.org\/es\/wp-json\/wp\/v2\/media\/4677"}],"wp:attachment":[{"href":"https:\/\/altoonanow.org\/es\/wp-json\/wp\/v2\/media?parent=4676"}],"curies":[{"name":"wp","href":"https:\/\/api.w.org\/{rel}","templated":true}]}}