{"id":4688,"date":"2015-07-19T18:33:39","date_gmt":"2015-07-19T18:33:39","guid":{"rendered":"https:\/\/altoonanow.org\/propiedades-destacadas\/"},"modified":"2015-07-19T18:33:39","modified_gmt":"2015-07-19T18:33:39","slug":"propiedades-destacadas","status":"publish","type":"page","link":"https:\/\/altoonanow.org\/es\/propiedades-destacadas\/","title":{"rendered":"Propiedades destacadas"},"content":{"rendered":"<p><!--\n\n\n<div class=\"featuredProperties\">\n[display-posts category=\"featured-properties\" posts_per_page=\"6\" include_date=\"false\" wrapper=\"div\" include_title=\"true\" image_size=\"thumbnail\"]<\/div>\n\n\n--><\/p>\n<p><strong>Con m\u00e1s de 1.700 acres de terreno listo para el desarrollo industrial y comercial,<\/strong> Altoona es la estrella emergente de Iowa.<\/p>\n<p>Nuestras propiedades est\u00e1n situadas a solo unos minutos del centro de Des Moines, ofreciendo acceso a fuentes de energ\u00eda limpia, importantes autopistas y una mano de obra altamente cualificada. Con una ubicaci\u00f3n privilegiada y l\u00edderes que escuchan, estamos perfectamente adaptados a una variedad de sectores: desde el comercio minorista y residencial hasta la manufactura, la log\u00edstica, los datos y mucho m\u00e1s.<\/p>\n<p><strong>\u00bfListo para unirte al movimiento?<\/strong>  Descubre nuestras propiedades destacadas a continuaci\u00f3n, o consulta aqu\u00ed nuestra base de datos completa y consultable de propiedades disponibles:<\/p>\n<p><button style=\"background: #18416e;\"><a style=\"font-weight: bold; color: #fff;\" href=\"https:\/\/altoonanow.org\/es\/base-de-datos-de-propiedades-comerciales\/\">VER TODAS LAS PROPIEDADES<\/a><\/button><\/p>\n<hr>\n\n","protected":false},"excerpt":{"rendered":"<p>Con m\u00e1s de 1.700 acres de terreno listo para el desarrollo industrial y comercial, Altoona es la estrella emergente de Iowa. Nuestras propiedades est\u00e1n situadas a solo unos minutos del centro de Des Moines, ofreciendo acceso a fuentes de energ\u00eda limpia, importantes autopistas y una mano de obra altamente cualificada. Con una ubicaci\u00f3n privilegiada y [&hellip;]<\/p>\n","protected":false},"author":2,"featured_media":0,"parent":0,"menu_order":0,"comment_status":"closed","ping_status":"closed","template":"templates\/page-sidebar-right-data.php","meta":{"footnotes":""},"class_list":["post-4688","page","type-page","status-publish","hentry"],"yoast_head":"<!-- This site is optimized with the Yoast SEO plugin v26.9 - https:\/\/yoast.com\/product\/yoast-seo-wordpress\/ -->\n<title>Propiedades destacadas - Altoona Now!<\/title>\n<meta name=\"description\" content=\"Nuestras propiedades est\u00e1n ubicadas a solo unos minutos del centro de Des Moines. Descubre nuestras propiedades destacadas o consulta nuestra base de datos completa y consultable de propiedades disponibles.\" \/>\n<meta name=\"robots\" content=\"index, follow, max-snippet:-1, max-image-preview:large, max-video-preview:-1\" \/>\n<link rel=\"canonical\" href=\"https:\/\/altoonanow.org\/es\/propiedades-destacadas\/\" \/>\n<meta property=\"og:locale\" content=\"es_ES\" \/>\n<meta property=\"og:type\" content=\"article\" \/>\n<meta property=\"og:title\" content=\"Propiedades destacadas: 116 y 124 34th Ave SW\" \/>\n<meta property=\"og:description\" content=\"Haz clic para m\u00e1s detalles\" \/>\n<meta property=\"og:url\" content=\"https:\/\/altoonanow.org\/es\/propiedades-destacadas\/\" \/>\n<meta property=\"og:site_name\" content=\"Altoona Now!\" \/>\n<meta property=\"article:publisher\" content=\"https:\/\/www.facebook.com\/altoonanow\/\" \/>\n<meta property=\"og:image\" content=\"https:\/\/altoonanow.org\/wp-content\/uploads\/2022\/03\/380176448-altoonanow_116and124_34thave_fb-1024x538.jpg.webp\" \/>\n<meta name=\"twitter:card\" content=\"summary_large_image\" \/>\n<meta name=\"twitter:title\" content=\"Propiedades destacadas: 116 y 124 34th Ave SW\" \/>\n<meta name=\"twitter:description\" content=\"Haz clic para m\u00e1s detalles\" \/>\n<meta name=\"twitter:image\" content=\"https:\/\/altoonanow.org\/wp-content\/uploads\/2022\/03\/380176435-altoona-now_116and124_34thave_twitter-150x150.jpg.webp\" \/>\n<meta name=\"twitter:site\" content=\"@altoonanow\" \/>\n<meta name=\"twitter:label1\" content=\"Tiempo de lectura\" \/>\n\t<meta name=\"twitter:data1\" content=\"1 minuto\" \/>\n<!-- \/ Yoast SEO plugin. -->","yoast_head_json":{"title":"Propiedades destacadas - Altoona Now!","description":"Nuestras propiedades est\u00e1n ubicadas a solo unos minutos del centro de Des Moines. Descubre nuestras propiedades destacadas o consulta nuestra base de datos completa y consultable de propiedades disponibles.","robots":{"index":"index","follow":"follow","max-snippet":"max-snippet:-1","max-image-preview":"max-image-preview:large","max-video-preview":"max-video-preview:-1"},"canonical":"https:\/\/altoonanow.org\/es\/propiedades-destacadas\/","og_locale":"es_ES","og_type":"article","og_title":"Propiedades destacadas: 116 y 124 34th Ave SW","og_description":"Haz clic para m\u00e1s detalles","og_url":"https:\/\/altoonanow.org\/es\/propiedades-destacadas\/","og_site_name":"Altoona Now!","article_publisher":"https:\/\/www.facebook.com\/altoonanow\/","og_image":[{"url":"https:\/\/altoonanow.org\/wp-content\/uploads\/2022\/03\/380176448-altoonanow_116and124_34thave_fb-1024x538.jpg.webp","type":"","width":"","height":""}],"twitter_card":"summary_large_image","twitter_title":"Propiedades destacadas: 116 y 124 34th Ave SW","twitter_description":"Haz clic para m\u00e1s detalles","twitter_image":"https:\/\/altoonanow.org\/wp-content\/uploads\/2022\/03\/380176435-altoona-now_116and124_34thave_twitter-150x150.jpg.webp","twitter_site":"@altoonanow","twitter_misc":{"Tiempo de lectura":"1 minuto"},"schema":{"@context":"https:\/\/schema.org","@graph":[{"@type":"WebPage","@id":"https:\/\/altoonanow.org\/es\/propiedades-destacadas\/","url":"https:\/\/altoonanow.org\/es\/propiedades-destacadas\/","name":"Propiedades destacadas - Altoona Now!","isPartOf":{"@id":"https:\/\/altoonanow.org\/es\/#website"},"datePublished":"2015-07-19T18:33:39+00:00","description":"Nuestras propiedades est\u00e1n ubicadas a solo unos minutos del centro de Des Moines. Descubre nuestras propiedades destacadas o consulta nuestra base de datos completa y consultable de propiedades disponibles.","breadcrumb":{"@id":"https:\/\/altoonanow.org\/es\/propiedades-destacadas\/#breadcrumb"},"inLanguage":"es","potentialAction":[{"@type":"ReadAction","target":["https:\/\/altoonanow.org\/es\/propiedades-destacadas\/"]}]},{"@type":"BreadcrumbList","@id":"https:\/\/altoonanow.org\/es\/propiedades-destacadas\/#breadcrumb","itemListElement":[{"@type":"ListItem","position":1,"name":"Inicio","item":"https:\/\/altoonanow.org\/es\/casa-2022\/"},{"@type":"ListItem","position":2,"name":"Propiedades destacadas"}]},{"@type":"WebSite","@id":"https:\/\/altoonanow.org\/es\/#website","url":"https:\/\/altoonanow.org\/es\/","name":"AltoonaNow","description":"","publisher":{"@id":"https:\/\/altoonanow.org\/es\/#organization"},"potentialAction":[{"@type":"SearchAction","target":{"@type":"EntryPoint","urlTemplate":"https:\/\/altoonanow.org\/es\/?s={search_term_string}"},"query-input":{"@type":"PropertyValueSpecification","valueRequired":true,"valueName":"search_term_string"}}],"inLanguage":"es"},{"@type":"Organization","@id":"https:\/\/altoonanow.org\/es\/#organization","name":"AltoonaNow","url":"https:\/\/altoonanow.org\/es\/","logo":{"@type":"ImageObject","inLanguage":"es","@id":"https:\/\/altoonanow.org\/es\/#\/schema\/logo\/image\/","url":"https:\/\/altoonanow.org\/wp-content\/uploads\/2022\/07\/footer-logo.png.webp","contentUrl":"https:\/\/altoonanow.org\/wp-content\/uploads\/2022\/07\/footer-logo.png.webp","width":754,"height":236,"caption":"AltoonaNow"},"image":{"@id":"https:\/\/altoonanow.org\/es\/#\/schema\/logo\/image\/"},"sameAs":["https:\/\/www.facebook.com\/altoonanow\/","https:\/\/x.com\/altoonanow","https:\/\/www.instagram.com\/altoonanow\/","https:\/\/www.linkedin.com\/company\/10097588\/"]}]}},"_links":{"self":[{"href":"https:\/\/altoonanow.org\/es\/wp-json\/wp\/v2\/pages\/4688","targetHints":{"allow":["GET"]}}],"collection":[{"href":"https:\/\/altoonanow.org\/es\/wp-json\/wp\/v2\/pages"}],"about":[{"href":"https:\/\/altoonanow.org\/es\/wp-json\/wp\/v2\/types\/page"}],"author":[{"embeddable":true,"href":"https:\/\/altoonanow.org\/es\/wp-json\/wp\/v2\/users\/2"}],"replies":[{"embeddable":true,"href":"https:\/\/altoonanow.org\/es\/wp-json\/wp\/v2\/comments?post=4688"}],"version-history":[{"count":0,"href":"https:\/\/altoonanow.org\/es\/wp-json\/wp\/v2\/pages\/4688\/revisions"}],"wp:attachment":[{"href":"https:\/\/altoonanow.org\/es\/wp-json\/wp\/v2\/media?parent=4688"}],"curies":[{"name":"wp","href":"https:\/\/api.w.org\/{rel}","templated":true}]}}