{"id":4713,"date":"2015-07-16T18:04:43","date_gmt":"2015-07-16T18:04:43","guid":{"rendered":"https:\/\/altoonanow.org\/por-quealtoona\/"},"modified":"2015-07-16T18:04:43","modified_gmt":"2015-07-16T18:04:43","slug":"por-quealtoona","status":"publish","type":"page","link":"https:\/\/altoonanow.org\/es\/por-quealtoona\/","title":{"rendered":"Por qu\u00e9<span class=\"yellow\">Altoona<\/span>"},"content":{"rendered":"<p><span class=\"BoldBlue\">Como la nueva estrella emergente de Iowa<\/span>, Altoona es el lugar para hacer crecer tu negocio, un lugar al que puedes llamar hogar. Nuestros l\u00edderes son visionarios, siempre mirando hacia el crecimiento a largo plazo de la regi\u00f3n. Con una ubicaci\u00f3n inigualable y una infraestructura s\u00f3lida, Altoona es el lugar ideal para emprender cualquier proyecto. Estamos en la encrucijada del pa\u00eds, y nuestra ambici\u00f3n nos lleva a alcanzar mayores alturas.   <\/p>\n<p>Somos un lugar para jugar, con familias disfrutando de atracciones como Adventureland Amusement Park y Bass Pro Shops. Destinos emocionantes como el hip\u00f3dromo, el casino y el hotel de Prairie Meadows hacen de Altoona un epicentro del entretenimiento para todas las edades. <\/p>\n<p>Altoona es mi hogar. Barrios hermosos y excelentes instalaciones, parques amplios y un sistema escolar excepcional: Altoona es el lugar perfecto para criar una familia. <\/p>\n<p>Nuestra econom\u00eda prospera, viva de progreso. Estamos creciendo, desarroll\u00e1ndonos y listos para la pr\u00f3xima gran novedad. Est\u00e1 ocurriendo ahora mismo en la ciudad de Altoona.  <\/p>\n<ul class=\"accordion\" data-options=\"deep_linking: true\" data-accordion=\"\">\n<li class=\"accordion-navigation\"><a href=\"#panel1a\"><img decoding=\"async\" class=\"alignnone size-full wp-image-220\" src=\"https:\/\/altoonanow.org\/wp-content\/uploads\/2015\/07\/livingHere_subLabel.png.webp\" alt=\"livingHere_subLabel\" width=\"200\" srcset=\"https:\/\/altoonanow.org\/wp-content\/uploads\/2015\/07\/livingHere_subLabel.png.webp 332w, https:\/\/altoonanow.org\/wp-content\/uploads\/2015\/07\/livingHere_subLabel-300x75.png.webp 300w\" sizes=\"(max-width: 332px) 100vw, 332px\" \/><\/a>\n<div id=\"panel1a\" class=\"content\">\n<figure><img decoding=\"async\" class=\"alignnone size-full wp-image-590\" src=\"https:\/\/altoonanow.org\/wp-content\/uploads\/2015\/08\/LivingHere.jpg.webp\" alt=\"Viviendo aqu\u00ed\"><\/figure>\n<p>Mientras mantenemos el ambiente de pueblo peque\u00f1o que tanto nos gusta, Altoona ofrece a los residentes servicios propios de una gran ciudad. Gracias a una planificaci\u00f3n inteligente y un liderazgo s\u00f3lido, hemos construido una base para el crecimiento.<\/p>\n<p>Sin embargo, Altoona es mucho m\u00e1s que un hervidero de negocios y entretenimiento. Es un lugar para vivir, un lugar para que las familias prosperen. Los residentes disfrutan de una alta calidad de vida gracias a numerosos beneficios, entre ellos:<\/p>\n<figure><img decoding=\"async\" class=\"yellowBullet\" src=\"https:\/\/altoonanow.org\/wp-content\/uploads\/2015\/07\/zeroYellow.png.webp\" alt=\"\"><\/figure>\n<p><span class=\"BoldBlue\">Educaci\u00f3n que inspira<\/span><br \/>\nNuestros estudiantes se est\u00e1n preparando para lo que viene. El destacado <a href=\"http:\/\/www.southeastpolk.org\" target=\"_blank\" rel=\"noopener\">distrito escolar Southeast Polk<\/a> cuenta con estudiantes que trabajan con la mejor tecnolog\u00eda bajo la mejor instrucci\u00f3n. La educaci\u00f3n es fundamental en Altoona, donde la <a href=\"http:\/\/www.altoona.lib.ia.us\" target=\"_blank\" rel=\"noopener\">Biblioteca P\u00fablica de Altoona<\/a> ofrece una zona infantil, sala de ordenadores, zona de lectura y otras oportunidades de aprendizaje.<\/p>\n<figure><img decoding=\"async\" class=\"yellowBullet\" src=\"https:\/\/altoonanow.org\/wp-content\/uploads\/2015\/07\/zeroYellow.png.webp\" alt=\"\"><\/figure>\n<p><span class=\"BoldBlue\">Instalaciones que motivan<\/span><br \/>\nNuestros residentes est\u00e1n en movimiento, con instalaciones interiores y exteriores que fomentan su estilo de vida activo. Un centro acu\u00e1tico, 20 millas de senderos bici y 200 acres de espacio recreativo son solo el comienzo de nuestras bien cuidadas comodidades. Las familias disfrutan jugando en nuestras instalaciones de \u00faltima generaci\u00f3n, donde los programas deportivos juveniles ofrecen formas divertidas de mantenerse en forma.<\/p>\n<figure><img decoding=\"async\" class=\"yellowBullet\" src=\"https:\/\/altoonanow.org\/wp-content\/uploads\/2015\/07\/zeroYellow.png.webp\" alt=\"\"><\/figure>\n<p><span class=\"BoldBlue\">Atracciones que Encantan<\/span><br \/>\nAltoona atrae a gente de todo el pa\u00eds a nuestras atracciones de entretenimiento, incluyendo <a href=\"https:\/\/www.adventurelandpark.com\" target=\"_blank\" rel=\"noopener\">el parque de atracciones Adventureland<\/a>, <a href=\"http:\/\/www.prairiemeadows.com\" target=\"_blank\" rel=\"noopener\">el hip\u00f3dromo Prairie Meadows, el casino y hoteles<\/a> <a href=\"http:\/\/www.basspro.com\/altoona\" target=\"_blank\" rel=\"noopener\">y las tiendas Bass Pro<\/a>. Tambi\u00e9n estamos cerca de destinos emocionantes con diversi\u00f3n de primer nivel, como el <a href=\"http:\/\/www.iowaspeedway.com\/\" target=\"_blank\" rel=\"noopener\">Iowa Speedway<\/a> y los <a href=\"http:\/\/www.iowastatefairgrounds.org\" target=\"_blank\" rel=\"noopener\">terrenos de la Feria Estatal<\/a>. Adem\u00e1s, a 10 minutos en coche de la excelente gastronom\u00eda y vida nocturna del centro de Des Moines, Altoona es tanto un destino imbatible como un hogar acogedor.<\/p>\n<figure><img decoding=\"async\" class=\"yellowBullet\" src=\"https:\/\/altoonanow.org\/wp-content\/uploads\/2015\/07\/zeroYellow.png.webp\" alt=\"\"><\/figure>\n<p><span class=\"BoldBlue\">Vivienda que se siente como en casa<\/span><br \/>\nTenemos alojamiento que se adapta a tu estilo de vida. Con alquileres asequibles, viviendas unifamiliares y espacio para viviendas ejecutivas, te sentir\u00e1s como en casa. Echa ra\u00edces y descubre todo lo que la vida en Altoona tiene para ofrecer.<\/p>\n<\/div>\n<\/li>\n<li style=\"list-style-type: none;\">\n\t<\/li>\n<li id=\"doingbusiness\" class=\"accordion-navigation\"><a href=\"#panel2a\" name=\"living\"><img decoding=\"async\" class=\"alignnone size-full wp-image-219\" src=\"https:\/\/altoonanow.org\/wp-content\/uploads\/2015\/07\/doingBusinessSubLabel.png.webp\" alt=\"Haciendo NegocioSubEtiqueta\" width=\"235\" srcset=\"https:\/\/altoonanow.org\/wp-content\/uploads\/2015\/07\/doingBusinessSubLabel.png.webp 369w, https:\/\/altoonanow.org\/wp-content\/uploads\/2015\/07\/doingBusinessSubLabel-300x65.png.webp 300w\" sizes=\"(max-width: 369px) 100vw, 369px\" \/><\/a>\n<div id=\"panel2a\" class=\"content\">\n<figure><img loading=\"lazy\" decoding=\"async\" width=\"540\" height=\"250\" class=\"alignnone size-full wp-image-589\" src=\"https:\/\/altoonanow.org\/wp-content\/uploads\/2015\/08\/DoingBusiness.jpg.webp\" alt=\"Haciendo negocios\" srcset=\"https:\/\/altoonanow.org\/wp-content\/uploads\/2015\/08\/DoingBusiness.jpg.webp 540w, https:\/\/altoonanow.org\/wp-content\/uploads\/2015\/08\/DoingBusiness-300x139.jpg.webp 300w\" sizes=\"auto, (max-width: 540px) 100vw, 540px\" \/><\/figure>\n<p>Altoona disfruta de una alta calidad de vida y de amplias oportunidades de negocio. Con una infraestructura s\u00f3lida, una ubicaci\u00f3n insuperable y l\u00edderes que escuchan, empresas y familias de todos los tama\u00f1os se est\u00e1n uniendo al movimiento. Ahora es el momento de la empresa comercial. Ahora es el momento de Altoona.   <\/p>\n<figure><img decoding=\"async\" class=\"yellowBullet\" src=\"https:\/\/altoonanow.org\/wp-content\/uploads\/2015\/07\/zeroYellow.png.webp\" alt=\"\"><\/figure>\n<p><span class=\"BoldBlue\">Vamos a empezar la construcci\u00f3n<\/span><br \/>\nAltoona cuenta con 900 acres de terreno listo para el desarrollo y espacio para crecer. Con oportunidades privilegiadas para anexionar territorio al este, Altoona es una comunidad adaptable y expansible. <\/p>\n<figure><img decoding=\"async\" class=\"yellowBullet\" src=\"https:\/\/altoonanow.org\/wp-content\/uploads\/2015\/07\/zeroYellow.png.webp\" alt=\"\"><\/figure>\n<p><span class=\"BoldBlue\">Lo mejor para tu negocio<\/span><br \/>\nEn Altoona, tu empresa se beneficiar\u00e1 de impuestos sobre la propiedad bajos, incentivos competitivos y acceso a la fuerza laboral multih\u00e1tica y en crecimiento de la regi\u00f3n.<\/p>\n<figure><img decoding=\"async\" class=\"yellowBullet\" src=\"https:\/\/altoonanow.org\/wp-content\/uploads\/2015\/07\/zeroYellow.png.webp\" alt=\"\"><\/figure>\n<p><span class=\"BoldBlue\">L\u00edderes que escuchan<\/span><br \/>\nEl liderazgo de Altoona est\u00e1 comprometido con el crecimiento. Juntos, encontraremos soluciones creativas que fomenten el desarrollo: para tu negocio y para la comunidad en general. Muy accesible, dispuesto a escuchar\u2014estamos aqu\u00ed. Ahora, manos a la obra.   <\/p>\n<figure><img decoding=\"async\" class=\"yellowBullet\" src=\"https:\/\/altoonanow.org\/wp-content\/uploads\/2015\/07\/zeroYellow.png.webp\" alt=\"\"><\/figure>\n<p><span class=\"BoldBlue\">En la encrucijada<\/span><br \/>\n de Am\u00e9ricaEstamos en la encrucijada de la naci\u00f3n, literalmente. Con dos autopistas interestatales principales\u2014la I-80 y la I-35 (a trav\u00e9s de la I-235)\u2014junto con f\u00e1cil acceso a un aeropuerto internacional y a un sistema ferroviario, estamos listos para ponerte en marcha. <\/p>\n<figure><img decoding=\"async\" class=\"yellowBullet\" src=\"https:\/\/altoonanow.org\/wp-content\/uploads\/2015\/07\/zeroYellow.png.webp\" alt=\"\"><\/figure>\n<p><span class=\"BoldBlue\">Un trayecto<\/span><br \/>\n sin complicacionesDisfruta de un viaje r\u00e1pido hasta el centro de Des Moines, un epicentro de negocios, entretenimiento y mucho m\u00e1s. Adem\u00e1s, la ubicaci\u00f3n este de Altoona te pone el sol de la hora punta a tu favor cuando te desplazas al centro. <\/p>\n<figure><img decoding=\"async\" class=\"yellowBullet\" src=\"https:\/\/altoonanow.org\/wp-content\/uploads\/2015\/07\/zeroYellow.png.webp\" alt=\"\"><\/figure>\n<p><span class=\"BoldBlue\">Una base<\/span><br \/>\n s\u00f3lidaAltoona cuenta con una infraestructura potente y progresista. Estrat\u00e9gicamente planificado y f\u00e1cilmente disponible, el sistema incluye l\u00edneas de transmisi\u00f3n de alta potencia y acceso a un extenso suministro de agua. Tu negocio seguir\u00e1 funcionando con la fibra \u00f3ptica existente, acceso a la electricidad y fuentes de energ\u00eda renovable.  <\/p>\n<figure><img decoding=\"async\" class=\"yellowBullet\" src=\"https:\/\/altoonanow.org\/wp-content\/uploads\/2015\/07\/zeroYellow.png.webp\" alt=\"\"><\/figure>\n<p><span class=\"BoldBlue\">Un lugar para jugar<\/span><br \/>\nAltoona es una meca del entretenimiento. Las familias pueden disfrutar de compras y atracciones en <a href=\"https:\/\/www.adventurelandpark.com\/\" target=\"_blank\" rel=\"noopener\">Adventureland Amusement<\/a> Park y <a href=\"http:\/\/www.basspro.com\/altoona\" target=\"_blank\" rel=\"noopener\">Bass Pro Shops<\/a>, mientras <a href=\"http:\/\/www.prairiemeadows.com\/\" target=\"_blank\" rel=\"noopener\">que Prairie Meadows Racetrack, Casino and Hotel<\/a> ofrece diversi\u00f3n a alta velocidad. Tambi\u00e9n estamos a un corto trayecto en coche de destinos de primer nivel, incluyendo el <a href=\"http:\/\/www.iowaspeedway.com\/\" target=\"_blank\" rel=\"noopener\">Iowa Speedway<\/a> y los <a href=\"http:\/\/www.iowastatefairgrounds.org\" target=\"_blank\" rel=\"noopener\">terrenos de la Feria Estatal<\/a>. Como centro de actividad, Altoona atrae a posibles clientes y empleados, haciendo de nuestra ciudad el lugar ideal para divertirse, trabajar y crecer.   <\/p>\n<\/div>\n<\/li>\n<li style=\"list-style-type: none;\">\n\t<\/li>\n<li id=\"accolades\" class=\"accordion-navigation\"><a href=\"#panel3a\"><img decoding=\"async\" class=\"alignnone size-full wp-image-220\" src=\"https:\/\/altoonanow.org\/wp-content\/uploads\/2015\/07\/accoladesNow.png.webp\" alt=\"livingHere_subLabel\" width=\"280\"><\/a>\n<div id=\"panel3a\" class=\"content\"><img decoding=\"async\" class=\"yellowBullet\" src=\"https:\/\/altoonanow.org\/wp-content\/uploads\/2015\/07\/zeroYellow.png.webp\" alt=\"\"><span class=\"BoldBlue\">Reconocimientos y premios en Greater Des Moines<\/span><\/p>\n<p>#6 Metro de tama\u00f1o medio donde los graduados universitarios se mudan en busca de empleo &#8211; AIER, 2015<br \/>\n #1 Metro con m\u00e1s orgullo comunitario &#8211; Gallup, 2015<br \/>\n#3 Top Diez lugares con m\u00e1s oportunidades de empleo per c\u00e1pita &#8211; Beyond.com de 2014 (basado en el segundo trimestre de 2014)<br \/>\n #1 Metro por fortaleza econ\u00f3mica &#8211; Policom Corporation, 2014<br \/>\n#2 Los 5 principales centros tecnol\u00f3gicos poco conocidos de Estados Unidos &#8211; SpareFoot, 2014<br \/>\n#4 Top Diez lugares con m\u00e1s oportunidades de empleo per c\u00e1pita &#8211; Beyond.com,  2014 (basado en el cuarto trimestre de 2013)<br \/>\n#1 Mejor \u00e1rea metropolitana mediana para la propiedad propia &#8211; Nerdwallet, 2014<br \/>\n#15 Las metr\u00f3polis m\u00e1s productivas de Estados Unidos &#8211; The Atlantic Cities, 2013<br \/>\n#1 \u00abMejores lugares para negocios y carreras\u00bb &#8211; Forbes, 2013<br \/>\n#2 \u00abEconom\u00eda local m\u00e1s fuerte\u00bb &#8211; Policom, 2013<br \/>\n#10 \u00abFuerza laboral joven m\u00e1s educada.\u00bb &#8211; The Business Journals, 2012<br \/>\n#1 \u00abMetro m\u00e1s rica del pa\u00eds\u00bb &#8211; US News &amp; World Report,  2011<\/p>\n<figure><img decoding=\"async\" class=\"yellowBullet\" src=\"https:\/\/altoonanow.org\/wp-content\/uploads\/2015\/07\/zeroYellow.png.webp\" alt=\"\"><span class=\"BoldBlue\">Reconocimientos y premios en Iowa<\/span><\/figure>\n<p>#4 Estado Mejor Gestionado &#8211; USA Today, 2014<br \/>\n#5 \u00abMejores Estados Unidos para J\u00f3venes Adultos\u00bb &#8211; MoneyRates, 2013<br \/>\n#12 \u00abMejores Estados para Negocios\u00bb &#8211; Forbes, 2013<br \/>\n#9 \u00abMejor Estado para Negocios\u00bb &#8211; CNBC, 2011<br \/>\n#3 \u00abMejores Ciudades para Negocios\u00bb &#8211; MarketWatch, 2011<br \/>\n#7 \u00abMejores Ciudades para la Pr\u00f3xima D\u00e9cada\u00bb &#8211; Kiplinger, 2010<\/p>\n<p><img decoding=\"async\" class=\"yellowBullet\" src=\"https:\/\/altoonanow.org\/wp-content\/uploads\/2015\/07\/zeroYellow.png.webp\" alt=\"\">Premios<br \/>\n <span class=\"BoldBlue\">y reconocimientos de Des Moines<\/span>#3 Ciudad Principal para Reci\u00e9n Graduados &#8211; SmartAsset, 2015<br \/>\nCiudades emergentes de startups de 2015 &#8211; Investopedia, 2015<br \/>\n#2 Mejor Ciudad para Empleo en 2015 &#8211; Forbes, 2015<br \/>\n#1 Mejor ciudad emergente para amantes de la gastronom\u00eda &#8211; Women&#8217;s Health Magazine, 2014<br \/>\n#1 Mejor Ciudad para J\u00f3venes Profesionales &#8211; Forbes, 2014<br \/>\n#2 Mejor Mercado de Agricultores de Am\u00e9rica &#8211; The Daily Meal, 2014<br \/>\n#2 Mejor Ciudad para Negocios y Carreras &#8211; Forbes, 2014<br \/>\nCiudad #1 con un centro emergente &#8211; Fortune, 2014<br \/>\n#4 Las ciudades m\u00e1s amigables con la comunidad LGBT de Estados Unidos &#8211; Huffington Post, 2014<br \/>\nEl Mercado de Agricultores del centro de Des Moines reconocido como \u00abLos 10 mejores mercados de agricultores de EE. UU.\u00bb &#8211; Shape Magazine, 2014<br \/>\n#6 Mejores ciudades para criar una familia &#8211; Forbes, 2014<br \/>\n#5 Mejores ciudades para empleo &#8211; Zip Recruiter, 2014<br \/>\n#6 Ciudades medianas de tama\u00f1o 2014 &#8211; Energy Star, 2014<br \/>\n#1 La ciudad m\u00e1s rica de Am\u00e9rica &#8211; programa TODAY, 2014<br \/>\n\u00abTres mejores ciudades para iniciar un negocio\u00bb &#8211; Forbes, 2013<br \/>\n#3 \u00abTop 15 Centros Emergentes de las Ciudades de EE. UU.\u00bb &#8211; Forbes, 2013<br \/>\n#1 \u00abMejores ciudades del Medio Oeste para J\u00f3venes Adultos\u00bb &#8211; The Business Journals, 2013<br \/>\n#2 \u00abLas mejores ciudades para montar un negocio\u00bb &#8211; The Street, 2013<br \/>\n#6 \u00abCiudades donde las startups prosperan\u00bb &#8211; CNN Money, 2012<br \/>\n#6 \u00abLas mejores ciudades para envejecer\u00bb &#8211; MSN Money, 2012<br \/>\n#1 \u00abMejores ciudades para familias\u00bb &#8211; Kiplinger, 2012<br \/>\n#4 \u00abLos mejores lugares para negocios y carreras\u00bb &#8211; Forbes, 2012<br \/>\n#2 \u00abMejores ciudades para empleo este verano.\u00bb &#8211; Forbes, 2012<br \/>\n#2 por \u00abMejores ciudades para empleo.\u00bb &#8211; Forbes, 2012<br \/>\nEl Mercado de Agricultores del centro de Des Moines es reconocido como \u00abUno de los mejores de Am\u00e9rica.\u00bb &#8211; Country Living, 2012<br \/>\n#1 \u00abMejores ciudades para j\u00f3venes profesionales\u00bb &#8211; Forbes, 2011<br \/>\n#1 \u00abCiudades en EE. UU. para inquilinos\u00bb &#8211; Time, 2011<\/p>\n<\/div>\n<\/li>\n<\/ul>\n","protected":false},"excerpt":{"rendered":"<p>Como la nueva estrella emergente de Iowa, Altoona es el lugar para hacer crecer tu negocio, un lugar al que puedes llamar hogar. Nuestros l\u00edderes son visionarios, siempre mirando hacia el crecimiento a largo plazo de la regi\u00f3n. Con una ubicaci\u00f3n inigualable y una infraestructura s\u00f3lida, Altoona es el lugar ideal para emprender cualquier proyecto. [&hellip;]<\/p>\n","protected":false},"author":2,"featured_media":0,"parent":0,"menu_order":0,"comment_status":"closed","ping_status":"closed","template":"templates\/page-sidebar-right-about.php","meta":{"footnotes":""},"class_list":["post-4713","page","type-page","status-publish","hentry"],"yoast_head":"<!-- This site is optimized with the Yoast SEO plugin v26.9 - https:\/\/yoast.com\/product\/yoast-seo-wordpress\/ -->\n<title>Por qu\u00e9Altoona - Altoona Now!<\/title>\n<meta name=\"robots\" content=\"index, follow, max-snippet:-1, max-image-preview:large, max-video-preview:-1\" \/>\n<link rel=\"canonical\" href=\"https:\/\/altoonanow.org\/es\/por-quealtoona\/\" \/>\n<meta property=\"og:locale\" content=\"es_ES\" \/>\n<meta property=\"og:type\" content=\"article\" \/>\n<meta property=\"og:title\" content=\"Por qu\u00e9Altoona - Altoona Now!\" \/>\n<meta property=\"og:description\" content=\"Como la nueva estrella emergente de Iowa, Altoona es el lugar para hacer crecer tu negocio, un lugar al que puedes llamar hogar. Nuestros l\u00edderes son visionarios, siempre mirando hacia el crecimiento a largo plazo de la regi\u00f3n. Con una ubicaci\u00f3n inigualable y una infraestructura s\u00f3lida, Altoona es el lugar ideal para emprender cualquier proyecto. [&hellip;]\" \/>\n<meta property=\"og:url\" content=\"https:\/\/altoonanow.org\/es\/por-quealtoona\/\" \/>\n<meta property=\"og:site_name\" content=\"Altoona Now!\" \/>\n<meta property=\"article:publisher\" content=\"https:\/\/www.facebook.com\/altoonanow\/\" \/>\n<meta property=\"og:image\" content=\"https:\/\/altoonanow.org\/wp-content\/uploads\/2015\/07\/livingHere_subLabel.png.webp\" \/>\n<meta name=\"twitter:card\" content=\"summary_large_image\" \/>\n<meta name=\"twitter:site\" content=\"@altoonanow\" \/>\n<meta name=\"twitter:label1\" content=\"Tiempo de lectura\" \/>\n\t<meta name=\"twitter:data1\" content=\"7 minutos\" \/>\n<!-- \/ Yoast SEO plugin. -->","yoast_head_json":{"title":"Por qu\u00e9Altoona - Altoona Now!","robots":{"index":"index","follow":"follow","max-snippet":"max-snippet:-1","max-image-preview":"max-image-preview:large","max-video-preview":"max-video-preview:-1"},"canonical":"https:\/\/altoonanow.org\/es\/por-quealtoona\/","og_locale":"es_ES","og_type":"article","og_title":"Por qu\u00e9Altoona - Altoona Now!","og_description":"Como la nueva estrella emergente de Iowa, Altoona es el lugar para hacer crecer tu negocio, un lugar al que puedes llamar hogar. Nuestros l\u00edderes son visionarios, siempre mirando hacia el crecimiento a largo plazo de la regi\u00f3n. Con una ubicaci\u00f3n inigualable y una infraestructura s\u00f3lida, Altoona es el lugar ideal para emprender cualquier proyecto. [&hellip;]","og_url":"https:\/\/altoonanow.org\/es\/por-quealtoona\/","og_site_name":"Altoona Now!","article_publisher":"https:\/\/www.facebook.com\/altoonanow\/","og_image":[{"url":"https:\/\/altoonanow.org\/wp-content\/uploads\/2015\/07\/livingHere_subLabel.png.webp","type":"","width":"","height":""}],"twitter_card":"summary_large_image","twitter_site":"@altoonanow","twitter_misc":{"Tiempo de lectura":"7 minutos"},"schema":{"@context":"https:\/\/schema.org","@graph":[{"@type":"WebPage","@id":"https:\/\/altoonanow.org\/es\/por-quealtoona\/","url":"https:\/\/altoonanow.org\/es\/por-quealtoona\/","name":"Por qu\u00e9Altoona - Altoona Now!","isPartOf":{"@id":"https:\/\/altoonanow.org\/es\/#website"},"primaryImageOfPage":{"@id":"https:\/\/altoonanow.org\/es\/por-quealtoona\/#primaryimage"},"image":{"@id":"https:\/\/altoonanow.org\/es\/por-quealtoona\/#primaryimage"},"thumbnailUrl":"https:\/\/altoonanow.org\/wp-content\/uploads\/2015\/07\/livingHere_subLabel.png.webp","datePublished":"2015-07-16T18:04:43+00:00","breadcrumb":{"@id":"https:\/\/altoonanow.org\/es\/por-quealtoona\/#breadcrumb"},"inLanguage":"es","potentialAction":[{"@type":"ReadAction","target":["https:\/\/altoonanow.org\/es\/por-quealtoona\/"]}]},{"@type":"ImageObject","inLanguage":"es","@id":"https:\/\/altoonanow.org\/es\/por-quealtoona\/#primaryimage","url":"https:\/\/altoonanow.org\/wp-content\/uploads\/2015\/07\/livingHere_subLabel.png.webp","contentUrl":"https:\/\/altoonanow.org\/wp-content\/uploads\/2015\/07\/livingHere_subLabel.png.webp"},{"@type":"BreadcrumbList","@id":"https:\/\/altoonanow.org\/es\/por-quealtoona\/#breadcrumb","itemListElement":[{"@type":"ListItem","position":1,"name":"Inicio","item":"https:\/\/altoonanow.org\/es\/casa-2022\/"},{"@type":"ListItem","position":2,"name":"Por qu\u00e9Altoona"}]},{"@type":"WebSite","@id":"https:\/\/altoonanow.org\/es\/#website","url":"https:\/\/altoonanow.org\/es\/","name":"AltoonaNow","description":"","publisher":{"@id":"https:\/\/altoonanow.org\/es\/#organization"},"potentialAction":[{"@type":"SearchAction","target":{"@type":"EntryPoint","urlTemplate":"https:\/\/altoonanow.org\/es\/?s={search_term_string}"},"query-input":{"@type":"PropertyValueSpecification","valueRequired":true,"valueName":"search_term_string"}}],"inLanguage":"es"},{"@type":"Organization","@id":"https:\/\/altoonanow.org\/es\/#organization","name":"AltoonaNow","url":"https:\/\/altoonanow.org\/es\/","logo":{"@type":"ImageObject","inLanguage":"es","@id":"https:\/\/altoonanow.org\/es\/#\/schema\/logo\/image\/","url":"https:\/\/altoonanow.org\/wp-content\/uploads\/2022\/07\/footer-logo.png.webp","contentUrl":"https:\/\/altoonanow.org\/wp-content\/uploads\/2022\/07\/footer-logo.png.webp","width":754,"height":236,"caption":"AltoonaNow"},"image":{"@id":"https:\/\/altoonanow.org\/es\/#\/schema\/logo\/image\/"},"sameAs":["https:\/\/www.facebook.com\/altoonanow\/","https:\/\/x.com\/altoonanow","https:\/\/www.instagram.com\/altoonanow\/","https:\/\/www.linkedin.com\/company\/10097588\/"]}]}},"_links":{"self":[{"href":"https:\/\/altoonanow.org\/es\/wp-json\/wp\/v2\/pages\/4713","targetHints":{"allow":["GET"]}}],"collection":[{"href":"https:\/\/altoonanow.org\/es\/wp-json\/wp\/v2\/pages"}],"about":[{"href":"https:\/\/altoonanow.org\/es\/wp-json\/wp\/v2\/types\/page"}],"author":[{"embeddable":true,"href":"https:\/\/altoonanow.org\/es\/wp-json\/wp\/v2\/users\/2"}],"replies":[{"embeddable":true,"href":"https:\/\/altoonanow.org\/es\/wp-json\/wp\/v2\/comments?post=4713"}],"version-history":[{"count":0,"href":"https:\/\/altoonanow.org\/es\/wp-json\/wp\/v2\/pages\/4713\/revisions"}],"wp:attachment":[{"href":"https:\/\/altoonanow.org\/es\/wp-json\/wp\/v2\/media?parent=4713"}],"curies":[{"name":"wp","href":"https:\/\/api.w.org\/{rel}","templated":true}]}}