{"id":4718,"date":"2024-08-12T18:01:50","date_gmt":"2024-08-12T18:01:50","guid":{"rendered":"https:\/\/altoonanow.org\/haciendo-negocios-aqui\/"},"modified":"2024-08-12T18:01:50","modified_gmt":"2024-08-12T18:01:50","slug":"haciendo-negocios-aqui","status":"publish","type":"page","link":"https:\/\/altoonanow.org\/es\/haciendo-negocios-aqui\/","title":{"rendered":"Haciendo negocios aqu\u00ed"},"content":{"rendered":"","protected":false},"excerpt":{"rendered":"","protected":false},"author":7,"featured_media":0,"parent":0,"menu_order":0,"comment_status":"closed","ping_status":"closed","template":"templates\/doing-business.php","meta":{"footnotes":""},"class_list":["post-4718","page","type-page","status-publish","hentry"],"yoast_head":"<!-- This site is optimized with the Yoast SEO plugin v26.9 - https:\/\/yoast.com\/product\/yoast-seo-wordpress\/ -->\n<title>Haciendo negocios aqu\u00ed - Altoona Now!<\/title>\n<meta name=\"description\" content=\"Con una econom\u00eda local fuerte, una escena de entretenimiento floreciente y una cercan\u00eda a Des Moines, nuestra ciudad fomenta un entorno de \u00e9xito para empresas de todos los tama\u00f1os e industrias.\" \/>\n<meta name=\"robots\" content=\"index, follow, max-snippet:-1, max-image-preview:large, max-video-preview:-1\" \/>\n<link rel=\"canonical\" href=\"https:\/\/altoonanow.org\/es\/haciendo-negocios-aqui\/\" \/>\n<meta property=\"og:locale\" content=\"es_ES\" \/>\n<meta property=\"og:type\" content=\"article\" \/>\n<meta property=\"og:title\" content=\"Haciendo negocios aqu\u00ed - Altoona Now!\" \/>\n<meta property=\"og:description\" content=\"Con una econom\u00eda local fuerte, una escena de entretenimiento floreciente y una cercan\u00eda a Des Moines, nuestra ciudad fomenta un entorno de \u00e9xito para empresas de todos los tama\u00f1os e industrias.\" \/>\n<meta property=\"og:url\" content=\"https:\/\/altoonanow.org\/es\/haciendo-negocios-aqui\/\" \/>\n<meta property=\"og:site_name\" content=\"Altoona Now!\" \/>\n<meta property=\"article:publisher\" content=\"https:\/\/www.facebook.com\/altoonanow\/\" \/>\n<meta name=\"twitter:card\" content=\"summary_large_image\" \/>\n<meta name=\"twitter:site\" content=\"@altoonanow\" \/>\n<!-- \/ Yoast SEO plugin. -->","yoast_head_json":{"title":"Haciendo negocios aqu\u00ed - Altoona Now!","description":"Con una econom\u00eda local fuerte, una escena de entretenimiento floreciente y una cercan\u00eda a Des Moines, nuestra ciudad fomenta un entorno de \u00e9xito para empresas de todos los tama\u00f1os e industrias.","robots":{"index":"index","follow":"follow","max-snippet":"max-snippet:-1","max-image-preview":"max-image-preview:large","max-video-preview":"max-video-preview:-1"},"canonical":"https:\/\/altoonanow.org\/es\/haciendo-negocios-aqui\/","og_locale":"es_ES","og_type":"article","og_title":"Haciendo negocios aqu\u00ed - Altoona Now!","og_description":"Con una econom\u00eda local fuerte, una escena de entretenimiento floreciente y una cercan\u00eda a Des Moines, nuestra ciudad fomenta un entorno de \u00e9xito para empresas de todos los tama\u00f1os e industrias.","og_url":"https:\/\/altoonanow.org\/es\/haciendo-negocios-aqui\/","og_site_name":"Altoona Now!","article_publisher":"https:\/\/www.facebook.com\/altoonanow\/","twitter_card":"summary_large_image","twitter_site":"@altoonanow","schema":{"@context":"https:\/\/schema.org","@graph":[{"@type":"WebPage","@id":"https:\/\/altoonanow.org\/es\/haciendo-negocios-aqui\/","url":"https:\/\/altoonanow.org\/es\/haciendo-negocios-aqui\/","name":"Haciendo negocios aqu\u00ed - Altoona Now!","isPartOf":{"@id":"https:\/\/altoonanow.org\/es\/#website"},"datePublished":"2024-08-12T18:01:50+00:00","description":"Con una econom\u00eda local fuerte, una escena de entretenimiento floreciente y una cercan\u00eda a Des Moines, nuestra ciudad fomenta un entorno de \u00e9xito para empresas de todos los tama\u00f1os e industrias.","breadcrumb":{"@id":"https:\/\/altoonanow.org\/es\/haciendo-negocios-aqui\/#breadcrumb"},"inLanguage":"es","potentialAction":[{"@type":"ReadAction","target":["https:\/\/altoonanow.org\/es\/haciendo-negocios-aqui\/"]}]},{"@type":"BreadcrumbList","@id":"https:\/\/altoonanow.org\/es\/haciendo-negocios-aqui\/#breadcrumb","itemListElement":[{"@type":"ListItem","position":1,"name":"Inicio","item":"https:\/\/altoonanow.org\/es\/casa-2022\/"},{"@type":"ListItem","position":2,"name":"Haciendo negocios aqu\u00ed"}]},{"@type":"WebSite","@id":"https:\/\/altoonanow.org\/es\/#website","url":"https:\/\/altoonanow.org\/es\/","name":"AltoonaNow","description":"","publisher":{"@id":"https:\/\/altoonanow.org\/es\/#organization"},"potentialAction":[{"@type":"SearchAction","target":{"@type":"EntryPoint","urlTemplate":"https:\/\/altoonanow.org\/es\/?s={search_term_string}"},"query-input":{"@type":"PropertyValueSpecification","valueRequired":true,"valueName":"search_term_string"}}],"inLanguage":"es"},{"@type":"Organization","@id":"https:\/\/altoonanow.org\/es\/#organization","name":"AltoonaNow","url":"https:\/\/altoonanow.org\/es\/","logo":{"@type":"ImageObject","inLanguage":"es","@id":"https:\/\/altoonanow.org\/es\/#\/schema\/logo\/image\/","url":"https:\/\/altoonanow.org\/wp-content\/uploads\/2022\/07\/footer-logo.png.webp","contentUrl":"https:\/\/altoonanow.org\/wp-content\/uploads\/2022\/07\/footer-logo.png.webp","width":754,"height":236,"caption":"AltoonaNow"},"image":{"@id":"https:\/\/altoonanow.org\/es\/#\/schema\/logo\/image\/"},"sameAs":["https:\/\/www.facebook.com\/altoonanow\/","https:\/\/x.com\/altoonanow","https:\/\/www.instagram.com\/altoonanow\/","https:\/\/www.linkedin.com\/company\/10097588\/"]}]}},"_links":{"self":[{"href":"https:\/\/altoonanow.org\/es\/wp-json\/wp\/v2\/pages\/4718","targetHints":{"allow":["GET"]}}],"collection":[{"href":"https:\/\/altoonanow.org\/es\/wp-json\/wp\/v2\/pages"}],"about":[{"href":"https:\/\/altoonanow.org\/es\/wp-json\/wp\/v2\/types\/page"}],"author":[{"embeddable":true,"href":"https:\/\/altoonanow.org\/es\/wp-json\/wp\/v2\/users\/7"}],"replies":[{"embeddable":true,"href":"https:\/\/altoonanow.org\/es\/wp-json\/wp\/v2\/comments?post=4718"}],"version-history":[{"count":0,"href":"https:\/\/altoonanow.org\/es\/wp-json\/wp\/v2\/pages\/4718\/revisions"}],"wp:attachment":[{"href":"https:\/\/altoonanow.org\/es\/wp-json\/wp\/v2\/media?parent=4718"}],"curies":[{"name":"wp","href":"https:\/\/api.w.org\/{rel}","templated":true}]}}